{"id":7969,"date":"2025-08-08T18:15:14","date_gmt":"2025-08-08T18:15:14","guid":{"rendered":"https:\/\/fringe.ee\/kuidas-ringi-liigelda-2\/"},"modified":"2025-08-08T18:32:59","modified_gmt":"2025-08-08T18:32:59","slug":"kuidas-ringi-liigelda-2","status":"publish","type":"page","link":"https:\/\/fringe.ee\/et\/kuidas-ringi-liigelda-2\/","title":{"rendered":"Kuidas ringi liigelda"},"content":{"rendered":"\t\t<div data-elementor-type=\"wp-page\" data-elementor-id=\"7969\" class=\"elementor elementor-7969 elementor-7913\" data-elementor-post-type=\"page\">\n\t\t\t\t\t\t<section class=\"elementor-section elementor-top-section elementor-element elementor-element-618efbf elementor-section-boxed elementor-section-height-default elementor-section-height-default\" data-id=\"618efbf\" data-element_type=\"section\" data-e-type=\"section\">\n\t\t\t\t\t\t<div class=\"elementor-container elementor-column-gap-default\">\n\t\t\t\t\t<div class=\"elementor-column elementor-col-100 elementor-top-column elementor-element elementor-element-e997a14\" data-id=\"e997a14\" data-element_type=\"column\" data-e-type=\"column\">\n\t\t\t<div class=\"elementor-widget-wrap elementor-element-populated\">\n\t\t\t\t\t\t\t<\/div>\n\t\t<\/div>\n\t\t\t\t\t<\/div>\n\t\t<\/section>\n\t\t\t\t<section class=\"elementor-section elementor-top-section elementor-element elementor-element-3a36024 elementor-section-boxed elementor-section-height-default elementor-section-height-default\" data-id=\"3a36024\" data-element_type=\"section\" data-e-type=\"section\" data-settings=\"{&quot;background_background&quot;:&quot;classic&quot;}\">\n\t\t\t\t\t\t<div class=\"elementor-container elementor-column-gap-default\">\n\t\t\t\t\t<div class=\"elementor-column elementor-col-100 elementor-top-column elementor-element elementor-element-6fede59\" data-id=\"6fede59\" data-element_type=\"column\" data-e-type=\"column\">\n\t\t\t<div class=\"elementor-widget-wrap elementor-element-populated\">\n\t\t\t\t\t\t<section class=\"elementor-section elementor-inner-section elementor-element elementor-element-70ac2a4 elementor-section-boxed elementor-section-height-default elementor-section-height-default\" data-id=\"70ac2a4\" data-element_type=\"section\" data-e-type=\"section\">\n\t\t\t\t\t\t<div class=\"elementor-container elementor-column-gap-default\">\n\t\t\t\t\t<div class=\"elementor-column elementor-col-100 elementor-inner-column elementor-element elementor-element-979cd8b\" data-id=\"979cd8b\" data-element_type=\"column\" data-e-type=\"column\">\n\t\t\t<div class=\"elementor-widget-wrap elementor-element-populated\">\n\t\t\t\t\t\t<div class=\"elementor-element elementor-element-f74b47d elementor-widget elementor-widget-heading\" data-id=\"f74b47d\" data-element_type=\"widget\" data-e-type=\"widget\" data-widget_type=\"heading.default\">\n\t\t\t\t<div class=\"elementor-widget-container\">\n\t\t\t\t\t<h1 class=\"elementor-heading-title elementor-size-default\">Kuidas ringi liigelda<\/h1>\t\t\t\t<\/div>\n\t\t\t\t<\/div>\n\t\t\t\t\t<\/div>\n\t\t<\/div>\n\t\t\t\t\t<\/div>\n\t\t<\/section>\n\t\t\t\t\t<\/div>\n\t\t<\/div>\n\t\t\t\t\t<\/div>\n\t\t<\/section>\n\t\t\t\t<section class=\"elementor-section elementor-top-section elementor-element elementor-element-04b2ff3 elementor-section-boxed elementor-section-height-default elementor-section-height-default\" data-id=\"04b2ff3\" data-element_type=\"section\" data-e-type=\"section\">\n\t\t\t\t\t\t<div class=\"elementor-container elementor-column-gap-default\">\n\t\t\t\t\t<div class=\"elementor-column elementor-col-100 elementor-top-column elementor-element elementor-element-20aa19e\" data-id=\"20aa19e\" data-element_type=\"column\" data-e-type=\"column\">\n\t\t\t<div class=\"elementor-widget-wrap elementor-element-populated\">\n\t\t\t\t\t\t<div class=\"elementor-element elementor-element-2d63d28 elementor-widget elementor-widget-heading\" data-id=\"2d63d28\" data-element_type=\"widget\" data-e-type=\"widget\" data-widget_type=\"heading.default\">\n\t\t\t\t<div class=\"elementor-widget-container\">\n\t\t\t\t\t<h2 class=\"elementor-heading-title elementor-size-default\">Majutus<\/h2>\t\t\t\t<\/div>\n\t\t\t\t<\/div>\n\t\t\t\t\t<\/div>\n\t\t<\/div>\n\t\t\t\t\t<\/div>\n\t\t<\/section>\n\t\t\t\t<section class=\"elementor-section elementor-top-section elementor-element elementor-element-6e38d15 elementor-section-boxed elementor-section-height-default elementor-section-height-default\" data-id=\"6e38d15\" data-element_type=\"section\" data-e-type=\"section\">\n\t\t\t\t\t\t<div class=\"elementor-container elementor-column-gap-default\">\n\t\t\t\t\t<div class=\"elementor-column elementor-col-100 elementor-top-column elementor-element elementor-element-05683d1\" data-id=\"05683d1\" data-element_type=\"column\" data-e-type=\"column\">\n\t\t\t<div class=\"elementor-widget-wrap elementor-element-populated\">\n\t\t\t\t\t\t<div class=\"elementor-element elementor-element-524c852 elementor-widget__width-initial elementor-widget elementor-widget-text-editor\" data-id=\"524c852\" data-element_type=\"widget\" data-e-type=\"widget\" data-widget_type=\"text-editor.default\">\n\t\t\t\t<div class=\"elementor-widget-container\">\n\t\t\t\t\t\t\t\t\tTallinnas on paljusid hotelle ja muid \u00f6\u00f6bimisv\u00f5imalusi. Soovitame uurida l\u00e4hemalt <a href=\"https:\/\/puhkaeestis.ee\/et\/search?q=tallinn&amp;category=majutus\" target=\"_blank\" rel=\"noopener\">Puhka Eestis<\/a> lehek\u00fcljelt k\u00f5ikv\u00f5imalikes hinnaklassides \u00f6\u00f6bimispaikade kohta.<br><br>Me oleme saanud sooduskoodi Fringe\u2019i k\u00fclastajatele j\u00e4rgmistes hotellides.<br>Kasutage koodi <strong>FRINGE15<\/strong>, kui valite \u00f6\u00f6bimise \u00fches neist majutusasutustest:<br><br><a href=\"https:\/\/www.vonstackelberghotel.com\/\" target=\"_blank\" rel=\"noopener\">Von Stacklberg Hotel<\/a><br><a href=\"https:\/\/www.centennialnexushotel.com\/\" target=\"_blank\" rel=\"noopener\">Centennial Nexus Hotel<\/a><br><a href=\"https:\/\/www.kreutzwaldhotel.com\/\" target=\"_blank\" rel=\"noopener\">Kreutzwald Hotel<\/a><br><br>&nbsp;\t\t\t\t\t\t\t\t<\/div>\n\t\t\t\t<\/div>\n\t\t\t\t\t<\/div>\n\t\t<\/div>\n\t\t\t\t\t<\/div>\n\t\t<\/section>\n\t\t\t\t<section class=\"elementor-section elementor-top-section elementor-element elementor-element-8af75a1 elementor-section-boxed elementor-section-height-default elementor-section-height-default\" data-id=\"8af75a1\" data-element_type=\"section\" data-e-type=\"section\">\n\t\t\t\t\t\t<div class=\"elementor-container elementor-column-gap-default\">\n\t\t\t\t\t<div class=\"elementor-column elementor-col-100 elementor-top-column elementor-element elementor-element-87bcd01\" data-id=\"87bcd01\" data-element_type=\"column\" data-e-type=\"column\">\n\t\t\t<div class=\"elementor-widget-wrap elementor-element-populated\">\n\t\t\t\t\t\t<div class=\"elementor-element elementor-element-8de8079 elementor-widget elementor-widget-heading\" data-id=\"8de8079\" data-element_type=\"widget\" data-e-type=\"widget\" data-widget_type=\"heading.default\">\n\t\t\t\t<div class=\"elementor-widget-container\">\n\t\t\t\t\t<h2 class=\"elementor-heading-title elementor-size-default\">\u00dchistranspordiga<\/h2>\t\t\t\t<\/div>\n\t\t\t\t<\/div>\n\t\t\t\t\t<\/div>\n\t\t<\/div>\n\t\t\t\t\t<\/div>\n\t\t<\/section>\n\t\t\t\t<section class=\"elementor-section elementor-top-section elementor-element elementor-element-b26276c elementor-section-boxed elementor-section-height-default elementor-section-height-default\" data-id=\"b26276c\" data-element_type=\"section\" data-e-type=\"section\">\n\t\t\t\t\t\t<div class=\"elementor-container elementor-column-gap-default\">\n\t\t\t\t\t<div class=\"elementor-column elementor-col-100 elementor-top-column elementor-element elementor-element-9f04b16\" data-id=\"9f04b16\" data-element_type=\"column\" data-e-type=\"column\">\n\t\t\t<div class=\"elementor-widget-wrap elementor-element-populated\">\n\t\t\t\t\t\t<div class=\"elementor-element elementor-element-7152a65 elementor-widget elementor-widget-text-editor\" data-id=\"7152a65\" data-element_type=\"widget\" data-e-type=\"widget\" data-widget_type=\"text-editor.default\">\n\t\t\t\t<div class=\"elementor-widget-container\">\n\t\t\t\t\t\t\t\t\t<p>Tallinna \u00fchistransport on usaldusv\u00e4\u00e4rne, taskukohane ja h\u00f5lpsasti ligip\u00e4\u00e4setav. Busside, trammide ja trollidega saab kiirelt ja mugavalt Tallinnas ringi liigelda.<\/p>\n<p>Tallinna elanikud: \u00fchistransport on tasuta, aga vaid siis, kui valideerid oma rohelise kaardi \u00fchistransporti sisenedes.<\/p>\n<p>K\u00fclastajad: Kogu info piletite ja \u00fchistranspordi v\u00f5imaluste kohta leiad <a href=\"https:\/\/www.visittallinn.ee\/est\/k%C3%BClastaja\/planeeri\/liikumine-tallinnas\/%C3%BChistransport\" target=\"_blank\" rel=\"noopener\">Visit Tallinna lehek\u00fcljelt<\/a>, mille kaudu saad piletid soetada oma vajaduste j\u00e4rgi.<\/p>\n\t\t\t\t\t\t\t\t<\/div>\n\t\t\t\t<\/div>\n\t\t\t\t\t<\/div>\n\t\t<\/div>\n\t\t\t\t\t<\/div>\n\t\t<\/section>\n\t\t\t\t<section class=\"elementor-section elementor-top-section elementor-element elementor-element-91b2cc2 elementor-section-boxed elementor-section-height-default elementor-section-height-default\" data-id=\"91b2cc2\" data-element_type=\"section\" data-e-type=\"section\">\n\t\t\t\t\t\t<div class=\"elementor-container elementor-column-gap-default\">\n\t\t\t\t\t<div class=\"elementor-column elementor-col-100 elementor-top-column elementor-element elementor-element-a202772\" data-id=\"a202772\" data-element_type=\"column\" data-e-type=\"column\">\n\t\t\t<div class=\"elementor-widget-wrap elementor-element-populated\">\n\t\t\t\t\t\t<div class=\"elementor-element elementor-element-0cd102d elementor-widget elementor-widget-heading\" data-id=\"0cd102d\" data-element_type=\"widget\" data-e-type=\"widget\" data-widget_type=\"heading.default\">\n\t\t\t\t<div class=\"elementor-widget-container\">\n\t\t\t\t\t<h2 class=\"elementor-heading-title elementor-size-default\">Taksoga<\/h2>\t\t\t\t<\/div>\n\t\t\t\t<\/div>\n\t\t\t\t\t<\/div>\n\t\t<\/div>\n\t\t\t\t\t<\/div>\n\t\t<\/section>\n\t\t\t\t<section class=\"elementor-section elementor-top-section elementor-element elementor-element-99925ef elementor-section-boxed elementor-section-height-default elementor-section-height-default\" data-id=\"99925ef\" data-element_type=\"section\" data-e-type=\"section\">\n\t\t\t\t\t\t<div class=\"elementor-container elementor-column-gap-default\">\n\t\t\t\t\t<div class=\"elementor-column elementor-col-100 elementor-top-column elementor-element elementor-element-0e35600\" data-id=\"0e35600\" data-element_type=\"column\" data-e-type=\"column\">\n\t\t\t<div class=\"elementor-widget-wrap elementor-element-populated\">\n\t\t\t\t\t\t<div class=\"elementor-element elementor-element-ee6ff01 elementor-widget elementor-widget-text-editor\" data-id=\"ee6ff01\" data-element_type=\"widget\" data-e-type=\"widget\" data-widget_type=\"text-editor.default\">\n\t\t\t\t<div class=\"elementor-widget-container\">\n\t\t\t\t\t\t\t\t\t<p>Tallinnas tegutsevad mitmed erisugused taksofirmad.<\/p>\n<p><a href=\"https:\/\/bolt.eu\/et-ee\/\" target=\"_blank\" rel=\"noopener\">Bolt<\/a> ja <a href=\"https:\/\/www.uber.com\/global\/et\/ride\/app\/?referrer=singular_click_id%3De553781b-68db-429a-afdd-007d92b98bc0\" target=\"_blank\" rel=\"noopener\">Uber<\/a> on \u00fched populaarseimad taksoteenusepakkujad Eestis, aga ka kohalik firmad nagu <a href=\"https:\/\/forustakso.ee\/\" target=\"_blank\" rel=\"noopener\">Forus<\/a> .<br \/>Nende \u00e4ppe saab alla laadida linkide kaudu.<\/p>\n\t\t\t\t\t\t\t\t<\/div>\n\t\t\t\t<\/div>\n\t\t\t\t\t<\/div>\n\t\t<\/div>\n\t\t\t\t\t<\/div>\n\t\t<\/section>\n\t\t\t\t<section class=\"elementor-section elementor-top-section elementor-element elementor-element-0ab8077 elementor-section-boxed elementor-section-height-default elementor-section-height-default\" data-id=\"0ab8077\" data-element_type=\"section\" data-e-type=\"section\">\n\t\t\t\t\t\t<div class=\"elementor-container elementor-column-gap-default\">\n\t\t\t\t\t<div class=\"elementor-column elementor-col-100 elementor-top-column elementor-element elementor-element-067916d\" data-id=\"067916d\" data-element_type=\"column\" data-e-type=\"column\">\n\t\t\t<div class=\"elementor-widget-wrap elementor-element-populated\">\n\t\t\t\t\t\t<div class=\"elementor-element elementor-element-d8b9e1d elementor-widget elementor-widget-heading\" data-id=\"d8b9e1d\" data-element_type=\"widget\" data-e-type=\"widget\" data-widget_type=\"heading.default\">\n\t\t\t\t<div class=\"elementor-widget-container\">\n\t\t\t\t\t<h2 class=\"elementor-heading-title elementor-size-default\">K\u00f5ndides<\/h2>\t\t\t\t<\/div>\n\t\t\t\t<\/div>\n\t\t\t\t\t<\/div>\n\t\t<\/div>\n\t\t\t\t\t<\/div>\n\t\t<\/section>\n\t\t\t\t<section class=\"elementor-section elementor-top-section elementor-element elementor-element-3759766 elementor-section-boxed elementor-section-height-default elementor-section-height-default\" data-id=\"3759766\" data-element_type=\"section\" data-e-type=\"section\">\n\t\t\t\t\t\t<div class=\"elementor-container elementor-column-gap-default\">\n\t\t\t\t\t<div class=\"elementor-column elementor-col-100 elementor-top-column elementor-element elementor-element-18d20dd\" data-id=\"18d20dd\" data-element_type=\"column\" data-e-type=\"column\">\n\t\t\t<div class=\"elementor-widget-wrap elementor-element-populated\">\n\t\t\t\t\t\t<div class=\"elementor-element elementor-element-fadc92d elementor-widget elementor-widget-text-editor\" data-id=\"fadc92d\" data-element_type=\"widget\" data-e-type=\"widget\" data-widget_type=\"text-editor.default\">\n\t\t\t\t<div class=\"elementor-widget-container\">\n\t\t\t\t\t\t\t\t\t<p>Jaa, mitmete toimumispaikade vahel on v\u00f5imalik v\u00e4gagi lihtsasti liigelda! Aga kindlasti uuri enne <a href=\"https:\/\/fringe.ee\/et\/toimumispaigad\/\" target=\"_blank\" rel=\"noopener\">kaarti<\/a> k\u00f5ikide toimumispaikadega, sest need paiknevad \u00fcle terve linna ning vahel on just h\u00f5lpsaim viis k\u00f5ndida \u00fchest kohast teise, vahel aga mitte.<\/p>\n\t\t\t\t\t\t\t\t<\/div>\n\t\t\t\t<\/div>\n\t\t\t\t\t<\/div>\n\t\t<\/div>\n\t\t\t\t\t<\/div>\n\t\t<\/section>\n\t\t\t\t<section class=\"elementor-section elementor-top-section elementor-element elementor-element-9725e34 elementor-section-boxed elementor-section-height-default elementor-section-height-default\" data-id=\"9725e34\" data-element_type=\"section\" data-e-type=\"section\">\n\t\t\t\t\t\t<div class=\"elementor-container elementor-column-gap-default\">\n\t\t\t\t\t<div class=\"elementor-column elementor-col-100 elementor-top-column elementor-element elementor-element-a174c4c\" data-id=\"a174c4c\" data-element_type=\"column\" data-e-type=\"column\">\n\t\t\t<div class=\"elementor-widget-wrap elementor-element-populated\">\n\t\t\t\t\t\t<div class=\"elementor-element elementor-element-6a161e5 elementor-widget elementor-widget-heading\" data-id=\"6a161e5\" data-element_type=\"widget\" data-e-type=\"widget\" data-widget_type=\"heading.default\">\n\t\t\t\t<div class=\"elementor-widget-container\">\n\t\t\t\t\t<h2 class=\"elementor-heading-title elementor-size-default\">T\u00f5ukerattaga<\/h2>\t\t\t\t<\/div>\n\t\t\t\t<\/div>\n\t\t\t\t\t<\/div>\n\t\t<\/div>\n\t\t\t\t\t<\/div>\n\t\t<\/section>\n\t\t\t\t<section class=\"elementor-section elementor-top-section elementor-element elementor-element-7bf1053 elementor-section-boxed elementor-section-height-default elementor-section-height-default\" data-id=\"7bf1053\" data-element_type=\"section\" data-e-type=\"section\">\n\t\t\t\t\t\t<div class=\"elementor-container elementor-column-gap-default\">\n\t\t\t\t\t<div class=\"elementor-column elementor-col-100 elementor-top-column elementor-element elementor-element-69e2499\" data-id=\"69e2499\" data-element_type=\"column\" data-e-type=\"column\">\n\t\t\t<div class=\"elementor-widget-wrap elementor-element-populated\">\n\t\t\t\t\t\t<div class=\"elementor-element elementor-element-8c0d761 elementor-widget elementor-widget-text-editor\" data-id=\"8c0d761\" data-element_type=\"widget\" data-e-type=\"widget\" data-widget_type=\"text-editor.default\">\n\t\t\t\t<div class=\"elementor-widget-container\">\n\t\t\t\t\t\t\t\t\t<p>Tallinnas on kaks t\u00f5ukerattarendifirmat, mida kohalikud armastavad. Me soovitame m\u00f5lema firma \u00e4pid alla laadida, et n\u00e4ha, milline t\u00f5ukerattas on teile vajalikul hetkel k\u00f5ige l\u00e4hemal.<\/p>\n<p><a href=\"https:\/\/tuul.xyz\/\" target=\"_blank\" rel=\"noopener\">Tuul<\/a> on uusim kohalik konkurent <a href=\"https:\/\/bolt.eu\/et-ee\/\" target=\"_blank\" rel=\"noopener\">Bolti \u00a0<\/a>t\u00f5ukeratastele (sama \u00e4pp, mis taksode tellimisel) ning m\u00f5lemad pakuvad n\u00f5udlusel p\u00f5hinevat t\u00f5ukerattarendiv\u00f5imalust Tallinnas.<\/p>\n\t\t\t\t\t\t\t\t<\/div>\n\t\t\t\t<\/div>\n\t\t\t\t\t<\/div>\n\t\t<\/div>\n\t\t\t\t\t<\/div>\n\t\t<\/section>\n\t\t\t\t<section class=\"elementor-section elementor-top-section elementor-element elementor-element-df56be0 elementor-section-boxed elementor-section-height-default elementor-section-height-default\" data-id=\"df56be0\" data-element_type=\"section\" data-e-type=\"section\">\n\t\t\t\t\t\t<div class=\"elementor-container elementor-column-gap-default\">\n\t\t\t\t\t<div class=\"elementor-column elementor-col-100 elementor-top-column elementor-element elementor-element-2d31de0\" data-id=\"2d31de0\" data-element_type=\"column\" data-e-type=\"column\">\n\t\t\t<div class=\"elementor-widget-wrap elementor-element-populated\">\n\t\t\t\t\t\t<div class=\"elementor-element elementor-element-219d394 elementor-widget elementor-widget-heading\" data-id=\"219d394\" data-element_type=\"widget\" data-e-type=\"widget\" data-widget_type=\"heading.default\">\n\t\t\t\t<div class=\"elementor-widget-container\">\n\t\t\t\t\t<h2 class=\"elementor-heading-title elementor-size-default\">Jalgrattaga<\/h2>\t\t\t\t<\/div>\n\t\t\t\t<\/div>\n\t\t\t\t\t<\/div>\n\t\t<\/div>\n\t\t\t\t\t<\/div>\n\t\t<\/section>\n\t\t\t\t<section class=\"elementor-section elementor-top-section elementor-element elementor-element-d6e14ee elementor-section-boxed elementor-section-height-default elementor-section-height-default\" data-id=\"d6e14ee\" data-element_type=\"section\" data-e-type=\"section\">\n\t\t\t\t\t\t<div class=\"elementor-container elementor-column-gap-default\">\n\t\t\t\t\t<div class=\"elementor-column elementor-col-100 elementor-top-column elementor-element elementor-element-fbbb62c\" data-id=\"fbbb62c\" data-element_type=\"column\" data-e-type=\"column\">\n\t\t\t<div class=\"elementor-widget-wrap elementor-element-populated\">\n\t\t\t\t\t\t<div class=\"elementor-element elementor-element-178ce43 elementor-widget elementor-widget-text-editor\" data-id=\"178ce43\" data-element_type=\"widget\" data-e-type=\"widget\" data-widget_type=\"text-editor.default\">\n\t\t\t\t<div class=\"elementor-widget-container\">\n\t\t\t\t\t\t\t\t\t<p>Tallinn on v\u00e4ga rattas\u00f5bralik, siin asub mitmeid spetsiaalseid rattas\u00f5iduteid ning neid rajatakse ka ajas juurde. \u00dcle linna leidub palju rattahoiukohti, mis ei piirdu vaid traditsioonilise rattahoidjaga. Laadi alla <a href=\"https:\/\/bikeep.com\/app\" target=\"_blank\" rel=\"noopener\">Bikeep \u00e4pp<\/a>, et leida v\u00f5imalikke rattahoiukohti \u00fcle linna.<br \/>Tallinnas tegutseb ka Rekola Bikesharing rattarendirakendus, kui tahad rattaga m\u00f6\u00f6da linna s\u00f5ita: <a href=\"https:\/\/www.rekola.ee\/\" target=\"_blank\" rel=\"noopener\">Rekola Bikesharing \u00e4pp<\/a><br \/>(Ka Bolt rendib v\u00e4lja rattaid!)<\/p>\n\t\t\t\t\t\t\t\t<\/div>\n\t\t\t\t<\/div>\n\t\t\t\t\t<\/div>\n\t\t<\/div>\n\t\t\t\t\t<\/div>\n\t\t<\/section>\n\t\t\t\t<section class=\"elementor-section elementor-top-section elementor-element elementor-element-3eeb5f8 elementor-section-boxed elementor-section-height-default elementor-section-height-default\" data-id=\"3eeb5f8\" data-element_type=\"section\" data-e-type=\"section\">\n\t\t\t\t\t\t<div class=\"elementor-container elementor-column-gap-default\">\n\t\t\t\t\t<div class=\"elementor-column elementor-col-100 elementor-top-column elementor-element elementor-element-ee8ac28\" data-id=\"ee8ac28\" data-element_type=\"column\" data-e-type=\"column\">\n\t\t\t<div class=\"elementor-widget-wrap elementor-element-populated\">\n\t\t\t\t\t\t<div class=\"elementor-element elementor-element-bc646ec elementor-widget elementor-widget-heading\" data-id=\"bc646ec\" data-element_type=\"widget\" data-e-type=\"widget\" data-widget_type=\"heading.default\">\n\t\t\t\t<div class=\"elementor-widget-container\">\n\t\t\t\t\t<h2 class=\"elementor-heading-title elementor-size-default\">Autoga<\/h2>\t\t\t\t<\/div>\n\t\t\t\t<\/div>\n\t\t\t\t\t<\/div>\n\t\t<\/div>\n\t\t\t\t\t<\/div>\n\t\t<\/section>\n\t\t\t\t<section class=\"elementor-section elementor-top-section elementor-element elementor-element-b8f1163 elementor-section-boxed elementor-section-height-default elementor-section-height-default\" data-id=\"b8f1163\" data-element_type=\"section\" data-e-type=\"section\">\n\t\t\t\t\t\t<div class=\"elementor-container elementor-column-gap-default\">\n\t\t\t\t\t<div class=\"elementor-column elementor-col-100 elementor-top-column elementor-element elementor-element-c8504d8\" data-id=\"c8504d8\" data-element_type=\"column\" data-e-type=\"column\">\n\t\t\t<div class=\"elementor-widget-wrap elementor-element-populated\">\n\t\t\t\t\t\t<div class=\"elementor-element elementor-element-2bd7a73 elementor-widget elementor-widget-text-editor\" data-id=\"2bd7a73\" data-element_type=\"widget\" data-e-type=\"widget\" data-widget_type=\"text-editor.default\">\n\t\t\t\t<div class=\"elementor-widget-container\">\n\t\t\t\t\t\t\t\t\t<p>Kui sul on t\u00f5esti vaja Tallinnas liigelda autoga, siis k\u00f5ige lihtsam viis on auto rentida \u00e4piga.<\/p>\n<p><a href=\"https:\/\/citybee.ee\/ee\/\" target=\"_blank\" rel=\"noopener\">Citybee<\/a> ja <a href=\"https:\/\/bolt.eu\/et-ee\/\" target=\"_blank\" rel=\"noopener\">Bolt Drive<\/a> (sama \u00e4pp mis Bolti taksoteenusel) pakuvad n\u00f5udlusel p\u00f5hinevat autorenti. Saad oma s\u00f5itu alustada ja l\u00f5petada paljudes m\u00e4\u00e4ratud tsoonides \u00fcle Tallinna.<span style=\"display: inline-block; width: 0px; overflow: hidden; line-height: 0;\" data-mce-type=\"bookmark\" class=\"mce_SELRES_start\">\ufeff<\/span><\/p>\n\t\t\t\t\t\t\t\t<\/div>\n\t\t\t\t<\/div>\n\t\t\t\t\t<\/div>\n\t\t<\/div>\n\t\t\t\t\t<\/div>\n\t\t<\/section>\n\t\t\t\t<\/div>\n\t\t","protected":false},"excerpt":{"rendered":"<p>Kuidas ringi liigelda Majutus Tallinnas on paljusid hotelle ja muid \u00f6\u00f6bimisv\u00f5imalusi. Soovitame uurida l\u00e4hemalt Puhka Eestis lehek\u00fcljelt k\u00f5ikv\u00f5imalikes hinnaklassides \u00f6\u00f6bimispaikade kohta. Me oleme saanud sooduskoodi Fringe\u2019i k\u00fclastajatele j\u00e4rgmistes hotellides.Kasutage koodi FRINGE15, kui valite \u00f6\u00f6bimise \u00fches neist majutusasutustest: Von Stacklberg HotelCentennial Nexus HotelKreutzwald Hotel &nbsp; \u00dchistranspordiga Tallinna \u00fchistransport on usaldusv\u00e4\u00e4rne, taskukohane ja h\u00f5lpsasti ligip\u00e4\u00e4setav. Busside, trammide [&hellip;]<\/p>\n","protected":false},"author":3,"featured_media":0,"parent":0,"menu_order":0,"comment_status":"closed","ping_status":"closed","template":"","meta":{"inline_featured_image":false,"footnotes":"","_links_to":"","_links_to_target":""},"class_list":["post-7969","page","type-page","status-publish","hentry"],"_links":{"self":[{"href":"https:\/\/fringe.ee\/et\/wp-json\/wp\/v2\/pages\/7969","targetHints":{"allow":["GET"]}}],"collection":[{"href":"https:\/\/fringe.ee\/et\/wp-json\/wp\/v2\/pages"}],"about":[{"href":"https:\/\/fringe.ee\/et\/wp-json\/wp\/v2\/types\/page"}],"author":[{"embeddable":true,"href":"https:\/\/fringe.ee\/et\/wp-json\/wp\/v2\/users\/3"}],"replies":[{"embeddable":true,"href":"https:\/\/fringe.ee\/et\/wp-json\/wp\/v2\/comments?post=7969"}],"version-history":[{"count":2,"href":"https:\/\/fringe.ee\/et\/wp-json\/wp\/v2\/pages\/7969\/revisions"}],"predecessor-version":[{"id":7978,"href":"https:\/\/fringe.ee\/et\/wp-json\/wp\/v2\/pages\/7969\/revisions\/7978"}],"wp:attachment":[{"href":"https:\/\/fringe.ee\/et\/wp-json\/wp\/v2\/media?parent=7969"}],"curies":[{"name":"wp","href":"https:\/\/api.w.org\/{rel}","templated":true}]}}