{"id":7666,"date":"2025-07-15T10:50:21","date_gmt":"2025-07-15T10:50:21","guid":{"rendered":"https:\/\/fringe.ee\/kasutustingimused\/"},"modified":"2025-07-15T10:50:21","modified_gmt":"2025-07-15T10:50:21","slug":"kasutustingimused","status":"publish","type":"page","link":"https:\/\/fringe.ee\/et\/kasutustingimused\/","title":{"rendered":"Kasutustingimused"},"content":{"rendered":"\t\t<div data-elementor-type=\"wp-page\" data-elementor-id=\"7666\" class=\"elementor elementor-7666 elementor-6942\" data-elementor-post-type=\"page\">\n\t\t\t\t\t\t<section class=\"elementor-section elementor-top-section elementor-element elementor-element-d3b07ff elementor-section-boxed elementor-section-height-default elementor-section-height-default\" data-id=\"d3b07ff\" data-element_type=\"section\" data-e-type=\"section\" data-settings=\"{&quot;background_background&quot;:&quot;classic&quot;}\">\n\t\t\t\t\t\t<div class=\"elementor-container elementor-column-gap-default\">\n\t\t\t\t\t<div class=\"elementor-column elementor-col-100 elementor-top-column elementor-element elementor-element-e0771f2\" data-id=\"e0771f2\" data-element_type=\"column\" data-e-type=\"column\">\n\t\t\t<div class=\"elementor-widget-wrap elementor-element-populated\">\n\t\t\t\t\t\t<div class=\"elementor-element elementor-element-7620bd4 elementor-widget elementor-widget-heading\" data-id=\"7620bd4\" data-element_type=\"widget\" data-e-type=\"widget\" data-widget_type=\"heading.default\">\n\t\t\t\t<div class=\"elementor-widget-container\">\n\t\t\t\t\t<h1 class=\"elementor-heading-title elementor-size-default\">Kasutustingimused<\/h1>\t\t\t\t<\/div>\n\t\t\t\t<\/div>\n\t\t\t\t\t<\/div>\n\t\t<\/div>\n\t\t\t\t\t<\/div>\n\t\t<\/section>\n\t\t\t\t<section class=\"elementor-section elementor-top-section elementor-element elementor-element-6ca795f elementor-section-boxed elementor-section-height-default elementor-section-height-default\" data-id=\"6ca795f\" data-element_type=\"section\" data-e-type=\"section\">\n\t\t\t\t\t\t<div class=\"elementor-container elementor-column-gap-default\">\n\t\t\t\t\t<div class=\"elementor-column elementor-col-100 elementor-top-column elementor-element elementor-element-47ce968\" data-id=\"47ce968\" data-element_type=\"column\" data-e-type=\"column\">\n\t\t\t<div class=\"elementor-widget-wrap elementor-element-populated\">\n\t\t\t\t\t\t<div class=\"elementor-element elementor-element-61a20a6 elementor-widget elementor-widget-text-editor\" data-id=\"61a20a6\" data-element_type=\"widget\" data-e-type=\"widget\" data-widget_type=\"text-editor.default\">\n\t\t\t\t<div class=\"elementor-widget-container\">\n\t\t\t\t\t\t\t\t\t<p><strong>KASUTUSTINGIMUSED<\/strong><\/p>\n<p>Viimati uuendatud: 27. veebruar 2025<\/p>\n<p>Tere tulemast veebilehele Fringe.ee, mis on Tallinn Fringe festivali ametlik koduleht. Veebilehte kasutades n\u00f5ustud j\u00e4rgima allj\u00e4rgnevaid kasutustingimusi. Kui sa nende tingimustega ei n\u00f5ustu, palume meie veebilehte mitte kasutada.<\/p>\n<div>\n<hr \/>\n<\/div>\n<p><strong>1. \u00dcldtingimused<\/strong><\/p>\n<p>1.1 K\u00e4esolevad kasutustingimused reguleerivad teie veebilehe kasutamist ning osalemist Tallinn Fringe festivali seotud s\u00fcndmustel.<br \/>\n1.2 Meil on \u00f5igus neid tingimusi igal ajal eelneva etteteatamiseta uuendada v\u00f5i muuta. Veebilehe j\u00e4tkuv kasutamine t\u00e4hendab, et n\u00f5ustute muudetud tingimustega.<\/p>\n<p><strong>2. Annetused<\/strong><\/p>\n<p>2.1 Fringe.ee v\u00f5tab vastu annetusi festivali ja selle tegevuse toetamiseks.<br \/>\n2.2 K\u00f5ik annetused on vabatahtlikud ja igas olukorras tagastamatud.<br \/>\n2.3 Annetust tehes kinnitate, et teil ei ole \u00f5igust saada vastutasuks mingeid kaupu ega teenuseid.<\/p>\n<p><strong>3. Piletim\u00fc\u00fck ja maksed<\/strong><\/p>\n<p>3.1 Tallinn Fringe festival ei t\u00f6\u00f6tle piletioste ega makseid otse.<br \/>\n3.2 Piletim\u00fc\u00fcgiga tegelevad meie koost\u00f6\u00f6partnerid \u2013 esinemispaigad ja produktsioonifirmad.<br \/>\n3.3 K\u00f5ikide pileteid puudutavate vaidluste korral, sealhulgas tagasimaksed, \u00fcmbervahetused v\u00f5i t\u00fchistamised, peate p\u00f6\u00f6rduma otse pileti m\u00fc\u00fcja poole, kasutades pileti allservas toodud kontaktandmeid.<\/p>\n<p><strong>4. \u00dcritustel osalemine<\/strong><\/p>\n<p>4.1 \u00dcrituste ajakavad, toimumiskohad ja etendused v\u00f5ivad muutuda ette teatamata.<br \/>\n4.2 Me ei vastuta kolmandate osapoolte korraldatud \u00fcrituste v\u00f5i toimumispaikade poolt tehtud t\u00fchistamiste, hilinemiste v\u00f5i muudatuste eest.<\/p>\n<p><strong>5. Vastutuse piirang<\/strong><\/p>\n<p>5.1 Fringe.ee ja selle koost\u00f6\u00f6partnerid ei vastuta isikukahjude, varakahjude ega muude kahjude eest, mis v\u00f5ivad s\u00fcndmuste ajal tekkida.<br \/>\n5.2 Me ei garanteeri kolmandate osapoolte, sealhulgas esinemispaikade ja piletim\u00fc\u00fcjate, poolt esitatud teabe t\u00e4psust.<\/p>\n<h3>6. Kontakt<\/h3>\n<p>K\u00f5igi kasutustingimustega seotud k\u00fcsimuste korral v\u00f5tke meiega \u00fchendust:<\/p>\n<p><strong>E-post:<\/strong> <a href=\"mailto:info@fringe.ee\">info@fringe.ee<\/a><br \/>\n<strong>Aadress:<\/strong> Uus-Kalamaja 15b, 10415 Tallinn, Eesti<\/p>\n<div>\n<hr \/>\n<\/div>\n<p>Selle veebisaidi kasutamisega kinnitate, et olete need teenuse osutamise tingimused l\u00e4bi lugenud, neist aru saanud ja nendega n\u00f5ustute.<\/p>\n\t\t\t\t\t\t\t\t<\/div>\n\t\t\t\t<\/div>\n\t\t\t\t\t<\/div>\n\t\t<\/div>\n\t\t\t\t\t<\/div>\n\t\t<\/section>\n\t\t\t\t<\/div>\n\t\t","protected":false},"excerpt":{"rendered":"<p>Kasutustingimused KASUTUSTINGIMUSED Viimati uuendatud: 27. veebruar 2025 Tere tulemast veebilehele Fringe.ee, mis on Tallinn Fringe festivali ametlik koduleht. Veebilehte kasutades n\u00f5ustud j\u00e4rgima allj\u00e4rgnevaid kasutustingimusi. Kui sa nende tingimustega ei n\u00f5ustu, palume meie veebilehte mitte kasutada. 1. \u00dcldtingimused 1.1 K\u00e4esolevad kasutustingimused reguleerivad teie veebilehe kasutamist ning osalemist Tallinn Fringe festivali seotud s\u00fcndmustel. 1.2 Meil on \u00f5igus [&hellip;]<\/p>\n","protected":false},"author":3,"featured_media":0,"parent":0,"menu_order":0,"comment_status":"closed","ping_status":"closed","template":"","meta":{"inline_featured_image":false,"footnotes":"","_links_to":"","_links_to_target":""},"class_list":["post-7666","page","type-page","status-publish","hentry"],"_links":{"self":[{"href":"https:\/\/fringe.ee\/et\/wp-json\/wp\/v2\/pages\/7666","targetHints":{"allow":["GET"]}}],"collection":[{"href":"https:\/\/fringe.ee\/et\/wp-json\/wp\/v2\/pages"}],"about":[{"href":"https:\/\/fringe.ee\/et\/wp-json\/wp\/v2\/types\/page"}],"author":[{"embeddable":true,"href":"https:\/\/fringe.ee\/et\/wp-json\/wp\/v2\/users\/3"}],"replies":[{"embeddable":true,"href":"https:\/\/fringe.ee\/et\/wp-json\/wp\/v2\/comments?post=7666"}],"version-history":[{"count":1,"href":"https:\/\/fringe.ee\/et\/wp-json\/wp\/v2\/pages\/7666\/revisions"}],"predecessor-version":[{"id":7667,"href":"https:\/\/fringe.ee\/et\/wp-json\/wp\/v2\/pages\/7666\/revisions\/7667"}],"wp:attachment":[{"href":"https:\/\/fringe.ee\/et\/wp-json\/wp\/v2\/media?parent=7666"}],"curies":[{"name":"wp","href":"https:\/\/api.w.org\/{rel}","templated":true}]}}