{"id":7634,"date":"2025-07-22T07:15:44","date_gmt":"2025-07-22T07:15:44","guid":{"rendered":"https:\/\/fringe.ee\/?page_id=7634"},"modified":"2026-03-06T13:11:16","modified_gmt":"2026-03-06T13:11:16","slug":"disain","status":"publish","type":"page","link":"https:\/\/fringe.ee\/et\/disain\/","title":{"rendered":"Disaineritele"},"content":{"rendered":"\t\t<div data-elementor-type=\"wp-page\" data-elementor-id=\"7634\" class=\"elementor elementor-7634 elementor-7616\" data-elementor-post-type=\"page\">\n\t\t\t\t\t\t<section class=\"elementor-section elementor-top-section elementor-element elementor-element-9705739 elementor-section-boxed elementor-section-height-default elementor-section-height-default\" data-id=\"9705739\" data-element_type=\"section\" data-e-type=\"section\">\n\t\t\t\t\t\t<div class=\"elementor-container elementor-column-gap-default\">\n\t\t\t\t\t<div class=\"elementor-column elementor-col-100 elementor-top-column elementor-element elementor-element-83083b9\" data-id=\"83083b9\" data-element_type=\"column\" data-e-type=\"column\">\n\t\t\t<div class=\"elementor-widget-wrap elementor-element-populated\">\n\t\t\t\t\t\t<div class=\"elementor-element elementor-element-c9b4320 elementor-widget elementor-widget-image\" data-id=\"c9b4320\" data-element_type=\"widget\" data-e-type=\"widget\" data-widget_type=\"image.default\">\n\t\t\t\t<div class=\"elementor-widget-container\">\n\t\t\t\t\t\t\t\t\t\t\t\t\t\t\t<img fetchpriority=\"high\" decoding=\"async\" width=\"2000\" height=\"600\" src=\"https:\/\/fringe.ee\/wp-content\/uploads\/2026\/03\/DESIGNERS-OPEN-CALL-TFF26-Banner-1.jpg\" class=\"attachment-full size-full wp-image-8637\" alt=\"\" srcset=\"https:\/\/fringe.ee\/wp-content\/uploads\/2026\/03\/DESIGNERS-OPEN-CALL-TFF26-Banner-1.jpg 2000w, https:\/\/fringe.ee\/wp-content\/uploads\/2026\/03\/DESIGNERS-OPEN-CALL-TFF26-Banner-1-300x90.jpg 300w, https:\/\/fringe.ee\/wp-content\/uploads\/2026\/03\/DESIGNERS-OPEN-CALL-TFF26-Banner-1-1024x307.jpg 1024w, https:\/\/fringe.ee\/wp-content\/uploads\/2026\/03\/DESIGNERS-OPEN-CALL-TFF26-Banner-1-768x230.jpg 768w, https:\/\/fringe.ee\/wp-content\/uploads\/2026\/03\/DESIGNERS-OPEN-CALL-TFF26-Banner-1-1536x461.jpg 1536w\" sizes=\"(max-width: 2000px) 100vw, 2000px\" \/>\t\t\t\t\t\t\t\t\t\t\t\t\t\t\t<\/div>\n\t\t\t\t<\/div>\n\t\t\t\t\t<\/div>\n\t\t<\/div>\n\t\t\t\t\t<\/div>\n\t\t<\/section>\n\t\t\t\t<section class=\"elementor-section elementor-top-section elementor-element elementor-element-bd0b61f elementor-section-boxed elementor-section-height-default elementor-section-height-default\" data-id=\"bd0b61f\" data-element_type=\"section\" data-e-type=\"section\" data-settings=\"{&quot;background_background&quot;:&quot;classic&quot;}\">\n\t\t\t\t\t\t\t<div class=\"elementor-background-overlay\"><\/div>\n\t\t\t\t\t\t\t<div class=\"elementor-container elementor-column-gap-default\">\n\t\t\t\t\t<div class=\"elementor-column elementor-col-100 elementor-top-column elementor-element elementor-element-385eb6d6\" data-id=\"385eb6d6\" data-element_type=\"column\" data-e-type=\"column\">\n\t\t\t<div class=\"elementor-widget-wrap elementor-element-populated\">\n\t\t\t\t\t\t<div class=\"elementor-element elementor-element-8433c7d elementor-widget elementor-widget-heading\" data-id=\"8433c7d\" data-element_type=\"widget\" data-e-type=\"widget\" data-widget_type=\"heading.default\">\n\t\t\t\t<div class=\"elementor-widget-container\">\n\t\t\t\t\t<h2 class=\"elementor-heading-title elementor-size-default\">Disainer! Osale meie Open Callis!<\/h2>\t\t\t\t<\/div>\n\t\t\t\t<\/div>\n\t\t\t\t<div class=\"elementor-element elementor-element-05e27e8 elementor-widget elementor-widget-heading\" data-id=\"05e27e8\" data-element_type=\"widget\" data-e-type=\"widget\" data-widget_type=\"heading.default\">\n\t\t\t\t<div class=\"elementor-widget-container\">\n\t\t\t\t\t<h2 class=\"elementor-heading-title elementor-size-default\">Loo plakat! \u200b<\/h2>\t\t\t\t<\/div>\n\t\t\t\t<\/div>\n\t\t\t\t<div class=\"elementor-element elementor-element-d6a6dea elementor-widget__width-initial elementor-widget elementor-widget-text-editor\" data-id=\"d6a6dea\" data-element_type=\"widget\" data-e-type=\"widget\" data-widget_type=\"text-editor.default\">\n\t\t\t\t<div class=\"elementor-widget-container\">\n\t\t\t\t\t\t\t\t\t<p><span style=\"font-weight: 400;\">Vahet pole, kas oled professionaalne graafiline disainer, tudeng, \u00f5pilane v\u00f5i hobikunstnik, oled ikka oodatud osa v\u00f5tma meie plakatidisaini konkursist! \u00dcksk\u00f5ik, millises maailma otsas sa ise oled, v\u00f5id sa ikka osa v\u00f5tta.<\/span><\/p>\n<p><span style=\"font-weight: 400;\">V\u00f5itja saab:<\/span><\/p>\n<ul>\n<li><strong>Sinu plakat festivali p\u00f5hiplakatina<\/strong><\/li>\n<li><strong>Teha praktikat Tallinn Fringe festivalil 2026<\/strong><\/li>\n<li><strong>5 tasuta piletit MISTAHES \u0161\u00f5ule Fringe festivalil<\/strong><\/li>\n<\/ul>\n\t\t\t\t\t\t\t\t<\/div>\n\t\t\t\t<\/div>\n\t\t\t\t\t<\/div>\n\t\t<\/div>\n\t\t\t\t\t<\/div>\n\t\t<\/section>\n\t\t\t\t<section class=\"elementor-section elementor-top-section elementor-element elementor-element-f2f9ac8 elementor-section-boxed elementor-section-height-default elementor-section-height-default\" data-id=\"f2f9ac8\" data-element_type=\"section\" data-e-type=\"section\" data-settings=\"{&quot;background_background&quot;:&quot;classic&quot;}\">\n\t\t\t\t\t\t\t<div class=\"elementor-background-overlay\"><\/div>\n\t\t\t\t\t\t\t<div class=\"elementor-container elementor-column-gap-default\">\n\t\t\t\t\t<div class=\"elementor-column elementor-col-100 elementor-top-column elementor-element elementor-element-f8f6207\" data-id=\"f8f6207\" data-element_type=\"column\" data-e-type=\"column\">\n\t\t\t<div class=\"elementor-widget-wrap elementor-element-populated\">\n\t\t\t\t\t\t<div class=\"elementor-element elementor-element-9e3b212 elementor-widget elementor-widget-heading\" data-id=\"9e3b212\" data-element_type=\"widget\" data-e-type=\"widget\" data-widget_type=\"heading.default\">\n\t\t\t\t<div class=\"elementor-widget-container\">\n\t\t\t\t\t<h2 class=\"elementor-heading-title elementor-size-default\">N\u00f5uded<\/h2>\t\t\t\t<\/div>\n\t\t\t\t<\/div>\n\t\t\t\t<div class=\"elementor-element elementor-element-d1c4f56 elementor-widget__width-initial elementor-widget elementor-widget-text-editor\" data-id=\"d1c4f56\" data-element_type=\"widget\" data-e-type=\"widget\" data-widget_type=\"text-editor.default\">\n\t\t\t\t<div class=\"elementor-widget-container\">\n\t\t\t\t\t\t\t\t\t<p><strong>Osaledes n\u00f5ustud, et sinu t\u00f6\u00f6d v\u00f5ib kasutada, avaldada ja vajadusel redigeerida. K\u00f5ik konkursit\u00f6\u00f6d esitletakse ja avaldatakse meie kodulehel kui ka sotsiaalmeedia kanalitel.<\/strong><\/p>\n<ul>\n<li><span style=\"font-weight: 400;\">V\u00f5itja otsustab TFF tiim.<\/span><\/li>\n<li><span style=\"font-weight: 400;\">Kasutada v\u00f5ib mistahes programme ja vahendeid, k.a pildipanku. Lihtsalt pea meeles, et l\u00f5pptulemusel peaks olema inimlikku k\u00e4tt ja k\u00f5iki elemente peab saama legaalselt kasutada.<\/span><\/li>\n<li><strong>Praktika <\/strong>t\u00e4hendab, et plakatidisaini v\u00f5itja t\u00f6\u00f6tab edaspidi selle aasta festivaliga edasi, et luua <em>template<\/em>-id sotsiaalmeedia b\u00e4nneritele, flaieritele, veebilehtede b\u00e4nneritele, kleebistele &#8211; l\u00f5pptulemuseks on terve visuaalide kogum, mida festival kasutada saab.<\/li>\n<li>T\u00f6\u00f6d peab saama printida kuni A1 suuruseni ilma, et kvaliteet halveneks.<\/li>\n<li>Plakati esitamise t\u00e4htaeg on <strong>30.04.26<\/strong><\/li>\n<li><strong>04.05.26<\/strong> avaldame k\u00f5ik konkursit\u00f6\u00f6d siin kui ka meie sotsiaalmeedia kanalitel.<\/li>\n<li><strong>11.05.26<\/strong> h\u00f5ikame v\u00e4lja plakatikonkursi v\u00f5itja.<\/li>\n<li><strong>NB!<\/strong> Kui me valime sinu konkursit\u00f6\u00f6 v\u00f5itjaks ja sa elad v\u00e4ljaspool Tallinnat, siis me ei saa katta sinu reisikulusid ega pakkuda sulle majutust, kui soovid \u0161\u00f5usid vaatama tulla.<\/li>\n<\/ul>\n\t\t\t\t\t\t\t\t<\/div>\n\t\t\t\t<\/div>\n\t\t\t\t\t<\/div>\n\t\t<\/div>\n\t\t\t\t\t<\/div>\n\t\t<\/section>\n\t\t\t\t<section class=\"elementor-section elementor-top-section elementor-element elementor-element-5d06407 elementor-section-boxed elementor-section-height-default elementor-section-height-default\" data-id=\"5d06407\" data-element_type=\"section\" data-e-type=\"section\" data-settings=\"{&quot;background_background&quot;:&quot;classic&quot;}\">\n\t\t\t\t\t\t\t<div class=\"elementor-background-overlay\"><\/div>\n\t\t\t\t\t\t\t<div class=\"elementor-container elementor-column-gap-default\">\n\t\t\t\t\t<div class=\"elementor-column elementor-col-100 elementor-top-column elementor-element elementor-element-fc7bf88\" data-id=\"fc7bf88\" data-element_type=\"column\" data-e-type=\"column\">\n\t\t\t<div class=\"elementor-widget-wrap elementor-element-populated\">\n\t\t\t\t\t\t<div class=\"elementor-element elementor-element-e55c108 elementor-widget elementor-widget-heading\" data-id=\"e55c108\" data-element_type=\"widget\" data-e-type=\"widget\" data-widget_type=\"heading.default\">\n\t\t\t\t<div class=\"elementor-widget-container\">\n\t\t\t\t\t<h2 class=\"elementor-heading-title elementor-size-default\">Visuaalne keel<\/h2>\t\t\t\t<\/div>\n\t\t\t\t<\/div>\n\t\t\t\t<div class=\"elementor-element elementor-element-3b072a4 elementor-widget__width-initial elementor-widget elementor-widget-text-editor\" data-id=\"3b072a4\" data-element_type=\"widget\" data-e-type=\"widget\" data-widget_type=\"text-editor.default\">\n\t\t\t\t<div class=\"elementor-widget-container\">\n\t\t\t\t\t\t\t\t\t<strong>Sul on vabad k\u00e4ed luua \u00fcksk\u00f5ik mida. Aga on m\u00f5ned kriteeriumid v\u00f5i laused, mis peavad kindlasti plakatil v\u00e4lja tulema:<\/strong><br><ul>\r\n \t<li>&#8220;L\u00fchietenduste festival&#8221;<\/li>\r\n \t<li>Festivalil toimub enam kui 200 \u0161\u00f5ud erinevates \u017eanrites.<\/li>\r\n \t<li><span style=\"font-weight: 400;\">Plakat peab olema kolmes keeles (eesti, inglise, vene). Eestikeelne tekst peab olema suurem kui inglise ja vene.<\/span><\/li>\r\n \t<li>Jalus partnerite logodega, peamise sponsori logod, QR kood, festivali kuup\u00e4evad.<\/li>\r\n \t<li>Siin on m\u00f5ned n\u00e4ited eelmiste aastate plakatitest inspiratsiooni ammutamiseks:<\/li>\r\n<\/ul>\t\t\t\t\t\t\t\t<\/div>\n\t\t\t\t<\/div>\n\t\t\t\t<div class=\"elementor-element elementor-element-6a86083 elementor-widget elementor-widget-spacer\" data-id=\"6a86083\" data-element_type=\"widget\" data-e-type=\"widget\" data-widget_type=\"spacer.default\">\n\t\t\t\t<div class=\"elementor-widget-container\">\n\t\t\t\t\t\t\t<div class=\"elementor-spacer\">\n\t\t\t<div class=\"elementor-spacer-inner\"><\/div>\n\t\t<\/div>\n\t\t\t\t\t\t<\/div>\n\t\t\t\t<\/div>\n\t\t\t\t<div class=\"elementor-element elementor-element-d1a2833 elementor-widget elementor-widget-gallery\" data-id=\"d1a2833\" data-element_type=\"widget\" data-e-type=\"widget\" data-settings=\"{&quot;gallery_layout&quot;:&quot;justified&quot;,&quot;gap&quot;:{&quot;unit&quot;:&quot;px&quot;,&quot;size&quot;:8,&quot;sizes&quot;:[]},&quot;lazyload&quot;:&quot;yes&quot;,&quot;ideal_row_height&quot;:{&quot;unit&quot;:&quot;px&quot;,&quot;size&quot;:200,&quot;sizes&quot;:[]},&quot;ideal_row_height_tablet&quot;:{&quot;unit&quot;:&quot;px&quot;,&quot;size&quot;:150,&quot;sizes&quot;:[]},&quot;ideal_row_height_mobile&quot;:{&quot;unit&quot;:&quot;px&quot;,&quot;size&quot;:150,&quot;sizes&quot;:[]},&quot;gap_tablet&quot;:{&quot;unit&quot;:&quot;px&quot;,&quot;size&quot;:10,&quot;sizes&quot;:[]},&quot;gap_mobile&quot;:{&quot;unit&quot;:&quot;px&quot;,&quot;size&quot;:10,&quot;sizes&quot;:[]},&quot;link_to&quot;:&quot;file&quot;,&quot;overlay_background&quot;:&quot;yes&quot;,&quot;content_hover_animation&quot;:&quot;fade-in&quot;}\" data-widget_type=\"gallery.default\">\n\t\t\t\t<div class=\"elementor-widget-container\">\n\t\t\t\t\t\t\t<div class=\"elementor-gallery__container\">\n\t\t\t\t\t\t\t<a class=\"e-gallery-item elementor-gallery-item elementor-animated-content\" href=\"https:\/\/fringe.ee\/wp-content\/uploads\/2026\/03\/TFF25-Main-poster-Option-1.jpg\" data-elementor-open-lightbox=\"yes\" data-elementor-lightbox-slideshow=\"d1a2833\" data-elementor-lightbox-title=\"TFF25 Main poster - Option (1)\" data-e-action-hash=\"#elementor-action%3Aaction%3Dlightbox%26settings%3DeyJpZCI6ODU4NywidXJsIjoiaHR0cHM6XC9cL2ZyaW5nZS5lZVwvd3AtY29udGVudFwvdXBsb2Fkc1wvMjAyNlwvMDNcL1RGRjI1LU1haW4tcG9zdGVyLU9wdGlvbi0xLmpwZyIsInNsaWRlc2hvdyI6ImQxYTI4MzMifQ%3D%3D\">\n\t\t\t\t\t<div class=\"e-gallery-image elementor-gallery-item__image\" data-thumbnail=\"https:\/\/fringe.ee\/wp-content\/uploads\/2026\/03\/TFF25-Main-poster-Option-1.jpg\" data-width=\"1134\" data-height=\"1601\" aria-label=\"\" role=\"img\" ><\/div>\n\t\t\t\t\t\t\t\t\t\t\t<div class=\"elementor-gallery-item__overlay\"><\/div>\n\t\t\t\t\t\t\t\t\t\t\t\t\t\t<\/a>\n\t\t\t\t\t\t\t<a class=\"e-gallery-item elementor-gallery-item elementor-animated-content\" href=\"https:\/\/fringe.ee\/wp-content\/uploads\/2025\/06\/TFF24-Main-Poster-A3-297x420_3mm.jpg\" data-elementor-open-lightbox=\"yes\" data-elementor-lightbox-slideshow=\"d1a2833\" data-elementor-lightbox-title=\"TFF24 Main Poster A3 (297x420_3mm)\" data-e-action-hash=\"#elementor-action%3Aaction%3Dlightbox%26settings%3DeyJpZCI6NzYxOSwidXJsIjoiaHR0cHM6XC9cL2ZyaW5nZS5lZVwvd3AtY29udGVudFwvdXBsb2Fkc1wvMjAyNVwvMDZcL1RGRjI0LU1haW4tUG9zdGVyLUEzLTI5N3g0MjBfM21tLmpwZyIsInNsaWRlc2hvdyI6ImQxYTI4MzMifQ%3D%3D\">\n\t\t\t\t\t<div class=\"e-gallery-image elementor-gallery-item__image\" data-thumbnail=\"https:\/\/fringe.ee\/wp-content\/uploads\/2025\/06\/TFF24-Main-Poster-A3-297x420_3mm.jpg\" data-width=\"889\" data-height=\"1250\" aria-label=\"\" role=\"img\" ><\/div>\n\t\t\t\t\t\t\t\t\t\t\t<div class=\"elementor-gallery-item__overlay\"><\/div>\n\t\t\t\t\t\t\t\t\t\t\t\t\t\t<\/a>\n\t\t\t\t\t\t\t<a class=\"e-gallery-item elementor-gallery-item elementor-animated-content\" href=\"https:\/\/fringe.ee\/wp-content\/uploads\/2025\/06\/Trash-bin-ad.jpg\" data-elementor-open-lightbox=\"yes\" data-elementor-lightbox-slideshow=\"d1a2833\" data-elementor-lightbox-title=\"Trash bin ad\" data-e-action-hash=\"#elementor-action%3Aaction%3Dlightbox%26settings%3DeyJpZCI6NzYyMiwidXJsIjoiaHR0cHM6XC9cL2ZyaW5nZS5lZVwvd3AtY29udGVudFwvdXBsb2Fkc1wvMjAyNVwvMDZcL1RyYXNoLWJpbi1hZC5qcGciLCJzbGlkZXNob3ciOiJkMWEyODMzIn0%3D\">\n\t\t\t\t\t<div class=\"e-gallery-image elementor-gallery-item__image\" data-thumbnail=\"https:\/\/fringe.ee\/wp-content\/uploads\/2025\/06\/Trash-bin-ad.jpg\" data-width=\"1250\" data-height=\"1749\" aria-label=\"\" role=\"img\" ><\/div>\n\t\t\t\t\t\t\t\t\t\t\t<div class=\"elementor-gallery-item__overlay\"><\/div>\n\t\t\t\t\t\t\t\t\t\t\t\t\t\t<\/a>\n\t\t\t\t\t<\/div>\n\t\t\t\t\t<\/div>\n\t\t\t\t<\/div>\n\t\t\t\t\t<\/div>\n\t\t<\/div>\n\t\t\t\t\t<\/div>\n\t\t<\/section>\n\t\t\t\t<section class=\"elementor-section elementor-top-section elementor-element elementor-element-be1db9e elementor-section-boxed elementor-section-height-default elementor-section-height-default\" data-id=\"be1db9e\" data-element_type=\"section\" data-e-type=\"section\" data-settings=\"{&quot;background_background&quot;:&quot;classic&quot;}\">\n\t\t\t\t\t\t\t<div class=\"elementor-background-overlay\"><\/div>\n\t\t\t\t\t\t\t<div class=\"elementor-container elementor-column-gap-default\">\n\t\t\t\t\t<div class=\"elementor-column elementor-col-100 elementor-top-column elementor-element elementor-element-065115e\" data-id=\"065115e\" data-element_type=\"column\" data-e-type=\"column\">\n\t\t\t<div class=\"elementor-widget-wrap elementor-element-populated\">\n\t\t\t\t\t\t<div class=\"elementor-element elementor-element-a749b43 elementor-widget elementor-widget-heading\" data-id=\"a749b43\" data-element_type=\"widget\" data-e-type=\"widget\" data-widget_type=\"heading.default\">\n\t\t\t\t<div class=\"elementor-widget-container\">\n\t\t\t\t\t<h2 class=\"elementor-heading-title elementor-size-default\">Elemendid ja v\u00e4rvid<\/h2>\t\t\t\t<\/div>\n\t\t\t\t<\/div>\n\t\t\t\t<div class=\"elementor-element elementor-element-d6b52ee elementor-widget__width-initial elementor-widget elementor-widget-text-editor\" data-id=\"d6b52ee\" data-element_type=\"widget\" data-e-type=\"widget\" data-widget_type=\"text-editor.default\">\n\t\t\t\t<div class=\"elementor-widget-container\">\n\t\t\t\t\t\t\t\t\t<h4><strong><a href=\"https:\/\/drive.google.com\/drive\/folders\/1zHwiDqp_flILy_yQlfOBOYsEpYVgGd5w?usp=sharing\" target=\"_blank\" rel=\"noopener\">link kaustale<\/a><\/strong><\/h4>\n\t\t\t\t\t\t\t\t<\/div>\n\t\t\t\t<\/div>\n\t\t\t\t\t<\/div>\n\t\t<\/div>\n\t\t\t\t\t<\/div>\n\t\t<\/section>\n\t\t\t\t<section class=\"elementor-section elementor-top-section elementor-element elementor-element-8cd596f elementor-section-boxed elementor-section-height-default elementor-section-height-default\" data-id=\"8cd596f\" data-element_type=\"section\" data-e-type=\"section\" data-settings=\"{&quot;background_background&quot;:&quot;classic&quot;}\">\n\t\t\t\t\t\t\t<div class=\"elementor-background-overlay\"><\/div>\n\t\t\t\t\t\t\t<div class=\"elementor-container elementor-column-gap-default\">\n\t\t\t\t\t<div class=\"elementor-column elementor-col-100 elementor-top-column elementor-element elementor-element-c19c083\" data-id=\"c19c083\" data-element_type=\"column\" data-e-type=\"column\">\n\t\t\t<div class=\"elementor-widget-wrap elementor-element-populated\">\n\t\t\t\t\t\t<div class=\"elementor-element elementor-element-ad1409c elementor-widget elementor-widget-heading\" data-id=\"ad1409c\" data-element_type=\"widget\" data-e-type=\"widget\" data-widget_type=\"heading.default\">\n\t\t\t\t<div class=\"elementor-widget-container\">\n\t\t\t\t\t<h2 class=\"elementor-heading-title elementor-size-default\">Failin\u00f5uded<\/h2>\t\t\t\t<\/div>\n\t\t\t\t<\/div>\n\t\t\t\t<div class=\"elementor-element elementor-element-c70bc15 elementor-widget__width-initial elementor-widget elementor-widget-text-editor\" data-id=\"c70bc15\" data-element_type=\"widget\" data-e-type=\"widget\" data-widget_type=\"text-editor.default\">\n\t\t\t\t<div class=\"elementor-widget-container\">\n\t\t\t\t\t\t\t\t\t<ol>\n<li dir=\"ltr\">A3 PDF versioon + JPG versioon 3mm <em>bleed<\/em>-iga.<\/li>\n<li dir=\"ltr\">K\u00f5verad PDF-versioonis.<\/li>\n<li dir=\"ltr\">Sinu nimi failinimetuses: nt TFF26 Poster by Phteven.PDF<\/li>\n<\/ol>\n\t\t\t\t\t\t\t\t<\/div>\n\t\t\t\t<\/div>\n\t\t\t\t\t<\/div>\n\t\t<\/div>\n\t\t\t\t\t<\/div>\n\t\t<\/section>\n\t\t\t\t<section class=\"elementor-section elementor-top-section elementor-element elementor-element-208fb3a elementor-section-boxed elementor-section-height-default elementor-section-height-default\" data-id=\"208fb3a\" data-element_type=\"section\" data-e-type=\"section\" data-settings=\"{&quot;background_background&quot;:&quot;classic&quot;}\">\n\t\t\t\t\t\t\t<div class=\"elementor-background-overlay\"><\/div>\n\t\t\t\t\t\t\t<div class=\"elementor-container elementor-column-gap-default\">\n\t\t\t\t\t<div class=\"elementor-column elementor-col-100 elementor-top-column elementor-element elementor-element-bf94095\" data-id=\"bf94095\" data-element_type=\"column\" data-e-type=\"column\">\n\t\t\t<div class=\"elementor-widget-wrap elementor-element-populated\">\n\t\t\t\t\t\t<div class=\"elementor-element elementor-element-22961b7 elementor-widget elementor-widget-heading\" data-id=\"22961b7\" data-element_type=\"widget\" data-e-type=\"widget\" data-widget_type=\"heading.default\">\n\t\t\t\t<div class=\"elementor-widget-container\">\n\t\t\t\t\t<h2 class=\"elementor-heading-title elementor-size-default\">Kas oled v\u00e4ljakutseks valmis?<\/h2>\t\t\t\t<\/div>\n\t\t\t\t<\/div>\n\t\t\t\t<div class=\"elementor-element elementor-element-f96fc0c elementor-widget__width-initial elementor-widget elementor-widget-text-editor\" data-id=\"f96fc0c\" data-element_type=\"widget\" data-e-type=\"widget\" data-widget_type=\"text-editor.default\">\n\t\t\t\t<div class=\"elementor-widget-container\">\n\t\t\t\t\t\t\t\t\t<p>Saad saata oma plakatidisaini kuni <strong>30.04.26<\/strong> meiliaadressile <strong>anton [at] fringe.ee<\/strong><\/p>\n\t\t\t\t\t\t\t\t<\/div>\n\t\t\t\t<\/div>\n\t\t\t\t\t<\/div>\n\t\t<\/div>\n\t\t\t\t\t<\/div>\n\t\t<\/section>\n\t\t\t\t<\/div>\n\t\t","protected":false},"excerpt":{"rendered":"<p>Disainer! Osale meie Open Callis! Loo plakat! \u200b Vahet pole, kas oled professionaalne graafiline disainer, tudeng, \u00f5pilane v\u00f5i hobikunstnik, oled ikka oodatud osa v\u00f5tma meie plakatidisaini konkursist! \u00dcksk\u00f5ik, millises maailma otsas sa ise oled, v\u00f5id sa ikka osa v\u00f5tta. V\u00f5itja saab: Sinu plakat festivali p\u00f5hiplakatina Teha praktikat Tallinn Fringe festivalil 2026 5 tasuta piletit MISTAHES [&hellip;]<\/p>\n","protected":false},"author":3,"featured_media":0,"parent":0,"menu_order":0,"comment_status":"closed","ping_status":"closed","template":"","meta":{"inline_featured_image":false,"footnotes":"","_links_to":"","_links_to_target":""},"class_list":["post-7634","page","type-page","status-publish","hentry"],"_links":{"self":[{"href":"https:\/\/fringe.ee\/et\/wp-json\/wp\/v2\/pages\/7634","targetHints":{"allow":["GET"]}}],"collection":[{"href":"https:\/\/fringe.ee\/et\/wp-json\/wp\/v2\/pages"}],"about":[{"href":"https:\/\/fringe.ee\/et\/wp-json\/wp\/v2\/types\/page"}],"author":[{"embeddable":true,"href":"https:\/\/fringe.ee\/et\/wp-json\/wp\/v2\/users\/3"}],"replies":[{"embeddable":true,"href":"https:\/\/fringe.ee\/et\/wp-json\/wp\/v2\/comments?post=7634"}],"version-history":[{"count":5,"href":"https:\/\/fringe.ee\/et\/wp-json\/wp\/v2\/pages\/7634\/revisions"}],"predecessor-version":[{"id":8653,"href":"https:\/\/fringe.ee\/et\/wp-json\/wp\/v2\/pages\/7634\/revisions\/8653"}],"wp:attachment":[{"href":"https:\/\/fringe.ee\/et\/wp-json\/wp\/v2\/media?parent=7634"}],"curies":[{"name":"wp","href":"https:\/\/api.w.org\/{rel}","templated":true}]}}