{"id":7036,"date":"2025-03-14T08:33:05","date_gmt":"2025-03-14T08:33:05","guid":{"rendered":"https:\/\/fringe.ee\/toetamine\/"},"modified":"2025-11-28T20:22:29","modified_gmt":"2025-11-28T20:22:29","slug":"toetamine","status":"publish","type":"page","link":"https:\/\/fringe.ee\/et\/toetamine\/","title":{"rendered":"Toetamine"},"content":{"rendered":"\t\t<div data-elementor-type=\"wp-page\" data-elementor-id=\"7036\" class=\"elementor elementor-7036 elementor-6881\" data-elementor-post-type=\"page\">\n\t\t\t\t\t\t<section class=\"elementor-section elementor-top-section elementor-element elementor-element-d3b07ff elementor-section-boxed elementor-section-height-default elementor-section-height-default\" data-id=\"d3b07ff\" data-element_type=\"section\" data-e-type=\"section\">\n\t\t\t\t\t\t<div class=\"elementor-container elementor-column-gap-default\">\n\t\t\t\t\t<div class=\"elementor-column elementor-col-100 elementor-top-column elementor-element elementor-element-e0771f2\" data-id=\"e0771f2\" data-element_type=\"column\" data-e-type=\"column\">\n\t\t\t<div class=\"elementor-widget-wrap elementor-element-populated\">\n\t\t\t\t\t\t<div class=\"elementor-element elementor-element-e25d519 elementor-widget elementor-widget-image\" data-id=\"e25d519\" data-element_type=\"widget\" data-e-type=\"widget\" data-widget_type=\"image.default\">\n\t\t\t\t<div class=\"elementor-widget-container\">\n\t\t\t\t\t\t\t\t\t\t\t\t\t\t\t<img fetchpriority=\"high\" decoding=\"async\" width=\"2000\" height=\"600\" src=\"https:\/\/fringe.ee\/wp-content\/uploads\/2025\/11\/TFF26-Webiste-Banner-2000-x-600-px-2.jpg\" class=\"attachment-full size-full wp-image-8300\" alt=\"\" srcset=\"https:\/\/fringe.ee\/wp-content\/uploads\/2025\/11\/TFF26-Webiste-Banner-2000-x-600-px-2.jpg 2000w, https:\/\/fringe.ee\/wp-content\/uploads\/2025\/11\/TFF26-Webiste-Banner-2000-x-600-px-2-300x90.jpg 300w, https:\/\/fringe.ee\/wp-content\/uploads\/2025\/11\/TFF26-Webiste-Banner-2000-x-600-px-2-1024x307.jpg 1024w, https:\/\/fringe.ee\/wp-content\/uploads\/2025\/11\/TFF26-Webiste-Banner-2000-x-600-px-2-768x230.jpg 768w, https:\/\/fringe.ee\/wp-content\/uploads\/2025\/11\/TFF26-Webiste-Banner-2000-x-600-px-2-1536x461.jpg 1536w\" sizes=\"(max-width: 2000px) 100vw, 2000px\" \/>\t\t\t\t\t\t\t\t\t\t\t\t\t\t\t<\/div>\n\t\t\t\t<\/div>\n\t\t\t\t<div class=\"elementor-element elementor-element-7620bd4 elementor-widget elementor-widget-heading\" data-id=\"7620bd4\" data-element_type=\"widget\" data-e-type=\"widget\" data-widget_type=\"heading.default\">\n\t\t\t\t<div class=\"elementor-widget-container\">\n\t\t\t\t\t<h1 class=\"elementor-heading-title elementor-size-default\">TOETA TALLINN FRINGE FESTIVALI<\/h1>\t\t\t\t<\/div>\n\t\t\t\t<\/div>\n\t\t\t\t\t<\/div>\n\t\t<\/div>\n\t\t\t\t\t<\/div>\n\t\t<\/section>\n\t\t\t\t<section class=\"elementor-section elementor-top-section elementor-element elementor-element-198992f elementor-section-boxed elementor-section-height-default elementor-section-height-default\" data-id=\"198992f\" data-element_type=\"section\" data-e-type=\"section\">\n\t\t\t\t\t\t<div class=\"elementor-container elementor-column-gap-default\">\n\t\t\t\t\t<div class=\"elementor-column elementor-col-100 elementor-top-column elementor-element elementor-element-789a655\" data-id=\"789a655\" data-element_type=\"column\" data-e-type=\"column\">\n\t\t\t<div class=\"elementor-widget-wrap elementor-element-populated\">\n\t\t\t\t\t\t<div class=\"elementor-element elementor-element-3be8fb5 elementor-widget elementor-widget-heading\" data-id=\"3be8fb5\" data-element_type=\"widget\" data-e-type=\"widget\" data-widget_type=\"heading.default\">\n\t\t\t\t<div class=\"elementor-widget-container\">\n\t\t\t\t\t<h2 class=\"elementor-heading-title elementor-size-default\">Hoia Tallinna (etendus)kunste elus ja \u00f5itsemas!<\/h2>\t\t\t\t<\/div>\n\t\t\t\t<\/div>\n\t\t\t\t<div class=\"elementor-element elementor-element-081548d elementor-widget elementor-widget-text-editor\" data-id=\"081548d\" data-element_type=\"widget\" data-e-type=\"widget\" data-widget_type=\"text-editor.default\">\n\t\t\t\t<div class=\"elementor-widget-container\">\n\t\t\t\t\t\t\t\t\t<p>Tallinn Fringe festival julgustab originaalseid, mitmekesiseid ja s\u00f5ltumatuid esinemiskunste. Alates tipptasemel teatrist ja kom\u00f6\u00f6diast kuni muusika, tsirkuse ja k\u00f5igi vahepealsete \u017eanriteni, pakume artistidele s\u00e4ramiseks platvormi ja publikule v\u00f5imalust kogeda midagi t\u00f5eliselt harukordset.<\/p>\n\t\t\t\t\t\t\t\t<\/div>\n\t\t\t\t<\/div>\n\t\t\t\t\t<\/div>\n\t\t<\/div>\n\t\t\t\t\t<\/div>\n\t\t<\/section>\n\t\t\t\t<section class=\"elementor-section elementor-top-section elementor-element elementor-element-d7a7f01 elementor-section-boxed elementor-section-height-default elementor-section-height-default\" data-id=\"d7a7f01\" data-element_type=\"section\" data-e-type=\"section\">\n\t\t\t\t\t\t<div class=\"elementor-container elementor-column-gap-default\">\n\t\t\t\t\t<div class=\"elementor-column elementor-col-100 elementor-top-column elementor-element elementor-element-e929afd\" data-id=\"e929afd\" data-element_type=\"column\" data-e-type=\"column\">\n\t\t\t<div class=\"elementor-widget-wrap elementor-element-populated\">\n\t\t\t\t\t\t<div class=\"elementor-element elementor-element-7d31b68 elementor-widget elementor-widget-text-editor\" data-id=\"7d31b68\" data-element_type=\"widget\" data-e-type=\"widget\" data-widget_type=\"text-editor.default\">\n\t\t\t\t<div class=\"elementor-widget-container\">\n\t\t\t\t\t\t\t\t\t<p data-start=\"478\" data-end=\"837\">\ud83c\udf1f <strong data-start=\"481\" data-end=\"509\">Miks sinu toetus loeb<\/strong>\u00a0\ud83c\udf1f<br data-start=\"512\" data-end=\"515\" \/>Me usume, et kunst peaks olema <strong data-start=\"531\" data-end=\"566\">k\u00e4ttesaadav k\u00f5igile<\/strong>\u2014nii esinejatele kui publikule. Sinu toetus aitab meil:<br data-start=\"626\" data-end=\"629\" \/>\u2705 Hoida taskukohaseid piletihindu<br data-start=\"660\" data-end=\"663\" \/>\u2705 Pakkuda esinemispaiku ja erinevaid ressursse s\u00f5ltumatutele artistidele<br data-start=\"717\" data-end=\"720\" \/>\u2705 Toetada kohalikku ja \u00fclemaailmset talenti<br data-start=\"760\" data-end=\"763\" \/>\u2705 Festivali laiendada ja tuua Tallinnasse veelgi lahedamaid artiste<\/p>\n<p><\/p>\n<p data-start=\"839\" data-end=\"1143\">\ud83c\udfad <strong data-start=\"842\" data-end=\"862\">Kuidas sa saad aidata<\/strong>\u00a0\ud83c\udfad<br data-start=\"865\" data-end=\"868\" \/>\ud83d\udc9b <strong data-start=\"871\" data-end=\"890\">Tee annetus<\/strong> \u2013 Iga euro loeb!<br data-start=\"911\" data-end=\"914\" \/>\ud83c\udf9f\ufe0f <strong data-start=\"918\" data-end=\"933\">Osta pileteid<\/strong> \u2013 Toeta artiste nende \u0161\u00f5ude vaatamisega.<br data-start=\"974\" data-end=\"977\" \/>\ud83d\udce2 <strong data-start=\"980\" data-end=\"999\">Jaga infot edasi<\/strong> \u2013 Jaga meie festivali oma s\u00f5prade ja perega.<br data-start=\"1043\" data-end=\"1046\" \/>\ud83e\udd1d <strong data-start=\"1049\" data-end=\"1069\">Hakka sponsoriks<\/strong> \u2013 Toeta oma br\u00e4ndiga Eesti \u00fcht k\u00f5ige \u00e4gedamat kultuuris\u00fcndmust.<\/p>\n\t\t\t\t\t\t\t\t<\/div>\n\t\t\t\t<\/div>\n\t\t\t\t\t<\/div>\n\t\t<\/div>\n\t\t\t\t\t<\/div>\n\t\t<\/section>\n\t\t\t\t<section class=\"elementor-section elementor-top-section elementor-element elementor-element-076fb95 elementor-section-boxed elementor-section-height-default elementor-section-height-default\" data-id=\"076fb95\" data-element_type=\"section\" data-e-type=\"section\" data-settings=\"{&quot;animation&quot;:&quot;none&quot;}\">\n\t\t\t\t\t\t<div class=\"elementor-container elementor-column-gap-default\">\n\t\t\t\t\t<div class=\"elementor-column elementor-col-100 elementor-top-column elementor-element elementor-element-417e0d3\" data-id=\"417e0d3\" data-element_type=\"column\" data-e-type=\"column\">\n\t\t\t<div class=\"elementor-widget-wrap elementor-element-populated\">\n\t\t\t\t\t\t<div class=\"elementor-element elementor-element-afa87d9 elementor-widget elementor-widget-spacer\" data-id=\"afa87d9\" data-element_type=\"widget\" data-e-type=\"widget\" data-widget_type=\"spacer.default\">\n\t\t\t\t<div class=\"elementor-widget-container\">\n\t\t\t\t\t\t\t<div class=\"elementor-spacer\">\n\t\t\t<div class=\"elementor-spacer-inner\"><\/div>\n\t\t<\/div>\n\t\t\t\t\t\t<\/div>\n\t\t\t\t<\/div>\n\t\t\t\t<div class=\"elementor-element elementor-element-1100af6 elementor-align-center elementor-widget elementor-widget-button\" data-id=\"1100af6\" data-element_type=\"widget\" data-e-type=\"widget\" data-widget_type=\"button.default\">\n\t\t\t\t<div class=\"elementor-widget-container\">\n\t\t\t\t\t\t\t\t\t<div class=\"elementor-button-wrapper\">\n\t\t\t\t\t<a class=\"elementor-button elementor-button-link elementor-size-sm\" href=\"https:\/\/pay.every-pay.eu\/lp\/w94ug2\" target=\"_blank\">\n\t\t\t\t\t\t<span class=\"elementor-button-content-wrapper\">\n\t\t\t\t\t\t\t\t\t<span class=\"elementor-button-text\">Toeta<\/span>\n\t\t\t\t\t<\/span>\n\t\t\t\t\t<\/a>\n\t\t\t\t<\/div>\n\t\t\t\t\t\t\t\t<\/div>\n\t\t\t\t<\/div>\n\t\t\t\t\t<\/div>\n\t\t<\/div>\n\t\t\t\t\t<\/div>\n\t\t<\/section>\n\t\t\t\t<\/div>\n\t\t","protected":false},"excerpt":{"rendered":"<p>TOETA TALLINN FRINGE FESTIVALI Hoia Tallinna (etendus)kunste elus ja \u00f5itsemas! Tallinn Fringe festival julgustab originaalseid, mitmekesiseid ja s\u00f5ltumatuid esinemiskunste. Alates tipptasemel teatrist ja kom\u00f6\u00f6diast kuni muusika, tsirkuse ja k\u00f5igi vahepealsete \u017eanriteni, pakume artistidele s\u00e4ramiseks platvormi ja publikule v\u00f5imalust kogeda midagi t\u00f5eliselt harukordset. \ud83c\udf1f Miks sinu toetus loeb\u00a0\ud83c\udf1fMe usume, et kunst peaks olema k\u00e4ttesaadav k\u00f5igile\u2014nii esinejatele [&hellip;]<\/p>\n","protected":false},"author":3,"featured_media":6581,"parent":0,"menu_order":0,"comment_status":"closed","ping_status":"closed","template":"","meta":{"inline_featured_image":false,"footnotes":"","_links_to":"","_links_to_target":""},"class_list":["post-7036","page","type-page","status-publish","has-post-thumbnail","hentry"],"aioseo_notices":[],"_links":{"self":[{"href":"https:\/\/fringe.ee\/et\/wp-json\/wp\/v2\/pages\/7036","targetHints":{"allow":["GET"]}}],"collection":[{"href":"https:\/\/fringe.ee\/et\/wp-json\/wp\/v2\/pages"}],"about":[{"href":"https:\/\/fringe.ee\/et\/wp-json\/wp\/v2\/types\/page"}],"author":[{"embeddable":true,"href":"https:\/\/fringe.ee\/et\/wp-json\/wp\/v2\/users\/3"}],"replies":[{"embeddable":true,"href":"https:\/\/fringe.ee\/et\/wp-json\/wp\/v2\/comments?post=7036"}],"version-history":[{"count":5,"href":"https:\/\/fringe.ee\/et\/wp-json\/wp\/v2\/pages\/7036\/revisions"}],"predecessor-version":[{"id":8304,"href":"https:\/\/fringe.ee\/et\/wp-json\/wp\/v2\/pages\/7036\/revisions\/8304"}],"wp:featuredmedia":[{"embeddable":true,"href":"https:\/\/fringe.ee\/et\/wp-json\/wp\/v2\/media\/6581"}],"wp:attachment":[{"href":"https:\/\/fringe.ee\/et\/wp-json\/wp\/v2\/media?parent=7036"}],"curies":[{"name":"wp","href":"https:\/\/api.w.org\/{rel}","templated":true}]}}