{"id":7025,"date":"2025-03-08T07:40:54","date_gmt":"2025-03-08T07:40:54","guid":{"rendered":"https:\/\/fringe.ee\/viimane-pitch\/"},"modified":"2025-03-08T07:40:54","modified_gmt":"2025-03-08T07:40:54","slug":"viimane-pitch","status":"publish","type":"page","link":"https:\/\/fringe.ee\/et\/viimane-pitch\/","title":{"rendered":"Viimane pitch"},"content":{"rendered":"\t\t<div data-elementor-type=\"wp-page\" data-elementor-id=\"7025\" class=\"elementor elementor-7025 elementor-7002\" data-elementor-post-type=\"page\">\n\t\t\t\t\t\t<section class=\"elementor-section elementor-top-section elementor-element elementor-element-d3b07ff elementor-section-boxed elementor-section-height-default elementor-section-height-default\" data-id=\"d3b07ff\" data-element_type=\"section\" data-e-type=\"section\" data-settings=\"{&quot;background_background&quot;:&quot;classic&quot;}\">\n\t\t\t\t\t\t<div class=\"elementor-container elementor-column-gap-default\">\n\t\t\t\t\t<div class=\"elementor-column elementor-col-100 elementor-top-column elementor-element elementor-element-e0771f2\" data-id=\"e0771f2\" data-element_type=\"column\" data-e-type=\"column\">\n\t\t\t<div class=\"elementor-widget-wrap elementor-element-populated\">\n\t\t\t\t\t\t<div class=\"elementor-element elementor-element-7620bd4 elementor-widget elementor-widget-heading\" data-id=\"7620bd4\" data-element_type=\"widget\" data-e-type=\"widget\" data-widget_type=\"heading.default\">\n\t\t\t\t<div class=\"elementor-widget-container\">\n\t\t\t\t\t<h1 class=\"elementor-heading-title elementor-size-default\">Learn2Fringe #TallinnFINAL PITCH<\/h1>\t\t\t\t<\/div>\n\t\t\t\t<\/div>\n\t\t\t\t\t<\/div>\n\t\t<\/div>\n\t\t\t\t\t<\/div>\n\t\t<\/section>\n\t\t\t\t<section class=\"elementor-section elementor-top-section elementor-element elementor-element-bd0b61f elementor-section-boxed elementor-section-height-default elementor-section-height-default\" data-id=\"bd0b61f\" data-element_type=\"section\" data-e-type=\"section\" data-settings=\"{&quot;background_background&quot;:&quot;classic&quot;}\">\n\t\t\t\t\t\t\t<div class=\"elementor-background-overlay\"><\/div>\n\t\t\t\t\t\t\t<div class=\"elementor-container elementor-column-gap-default\">\n\t\t\t\t\t<div class=\"elementor-column elementor-col-100 elementor-top-column elementor-element elementor-element-385eb6d6\" data-id=\"385eb6d6\" data-element_type=\"column\" data-e-type=\"column\">\n\t\t\t<div class=\"elementor-widget-wrap elementor-element-populated\">\n\t\t\t\t\t\t<div class=\"elementor-element elementor-element-f72c0e8 elementor-widget elementor-widget-image\" data-id=\"f72c0e8\" data-element_type=\"widget\" data-e-type=\"widget\" data-widget_type=\"image.default\">\n\t\t\t\t<div class=\"elementor-widget-container\">\n\t\t\t\t\t\t\t\t\t\t\t\t\t\t\t<img fetchpriority=\"high\" decoding=\"async\" width=\"800\" height=\"240\" src=\"https:\/\/fringe.ee\/wp-content\/uploads\/2025\/03\/TFF25-Banner-2000-x-600-px-2-1024x307.jpg\" class=\"attachment-large size-large wp-image-7004\" alt=\"\" srcset=\"https:\/\/fringe.ee\/wp-content\/uploads\/2025\/03\/TFF25-Banner-2000-x-600-px-2-1024x307.jpg 1024w, https:\/\/fringe.ee\/wp-content\/uploads\/2025\/03\/TFF25-Banner-2000-x-600-px-2-300x90.jpg 300w, https:\/\/fringe.ee\/wp-content\/uploads\/2025\/03\/TFF25-Banner-2000-x-600-px-2-768x230.jpg 768w, https:\/\/fringe.ee\/wp-content\/uploads\/2025\/03\/TFF25-Banner-2000-x-600-px-2-1536x461.jpg 1536w, https:\/\/fringe.ee\/wp-content\/uploads\/2025\/03\/TFF25-Banner-2000-x-600-px-2.jpg 2000w\" sizes=\"(max-width: 800px) 100vw, 800px\" \/>\t\t\t\t\t\t\t\t\t\t\t\t\t\t\t<\/div>\n\t\t\t\t<\/div>\n\t\t\t\t<div class=\"elementor-element elementor-element-d6a6dea elementor-widget__width-initial elementor-widget elementor-widget-text-editor\" data-id=\"d6a6dea\" data-element_type=\"widget\" data-e-type=\"widget\" data-widget_type=\"text-editor.default\">\n\t\t\t\t<div class=\"elementor-widget-container\">\n\t\t\t\t\t\t\t\t\t<p><strong>Learn2Fringe #Tallinn<\/strong> on haridusprogramm, kus artistidele antakse n\u00f5uandeid, kuidas kunstide vallas mitmekesistada oma rahalist sissetulekut ning kuidas tagada endale j\u00e4tkusuutlik karj\u00e4\u00e4r.<\/p>\n<p>Esimene Learn2Fringe #Tallinn v\u00e4lja\u00f5ppeprogramm kulmineerub viimase\u00a0<em>pitching<\/em>\u00a0sessiooniga, mil iga ettev\u00f5te tutvustab potentsiaalsetele rahastajatele, sponsoritele, koost\u00f6\u00f6partneritele ja otsustajatele oma v\u00e4ljapakutud ringk\u00e4iku.<\/p>\n<p>Eesm\u00e4rk on kindlustada omale rahastus, partnerlussuhted, broneeringud ja sidemed.<\/p>\n<p>See \u00fcritus on suunatud k\u00f5ikidele produtsentidele, kunsti-professionaalidele, patroonidele, filantroopidele ning neile inimestele, kes on huvitatud Eesti kunstielu toetamast.<\/p>\n<p><strong>7. aprill Tallinnas, <a href=\"https:\/\/maps.app.goo.gl\/jpfMHvY1UrG7k71X7\" target=\"_blank\" rel=\"noopener\">Heldeke<\/a> teater-baaris<\/strong><br \/>\n<strong>Uksed, 17.30<\/strong><br \/>\n<strong><em>Pitching<\/em>, 18.00 &#8211; 19.00<\/strong><br \/>\n<strong><em>Networking<\/em>, 19.00 &#8211; 19.30<\/strong><\/p>\n<p><a href=\"https:\/\/fienta.com\/pitching-day-learn2fringe-tallinn\" target=\"_blank\" rel=\"noopener\">&#8212; REGISTREERI\u00a0 &#8212;<\/a><\/p>\n<p>Uuri programmi kohta l\u00e4hemalt <a href=\"https:\/\/fringe.ee\/et\/learn2fringe\/\" target=\"_blank\" rel=\"noopener\">siit<\/a>.<\/p>\n\t\t\t\t\t\t\t\t<\/div>\n\t\t\t\t<\/div>\n\t\t\t\t\t<\/div>\n\t\t<\/div>\n\t\t\t\t\t<\/div>\n\t\t<\/section>\n\t\t\t\t<section class=\"elementor-section elementor-top-section elementor-element elementor-element-85a39d2 elementor-section-boxed elementor-section-height-default elementor-section-height-default\" data-id=\"85a39d2\" data-element_type=\"section\" data-e-type=\"section\">\n\t\t\t\t\t\t<div class=\"elementor-container elementor-column-gap-default\">\n\t\t\t\t\t<div class=\"elementor-column elementor-col-100 elementor-top-column elementor-element elementor-element-347cd2d\" data-id=\"347cd2d\" data-element_type=\"column\" data-e-type=\"column\">\n\t\t\t<div class=\"elementor-widget-wrap elementor-element-populated\">\n\t\t\t\t\t\t<div class=\"elementor-element elementor-element-fc08cdf elementor-widget elementor-widget-spacer\" data-id=\"fc08cdf\" data-element_type=\"widget\" data-e-type=\"widget\" data-widget_type=\"spacer.default\">\n\t\t\t\t<div class=\"elementor-widget-container\">\n\t\t\t\t\t\t\t<div class=\"elementor-spacer\">\n\t\t\t<div class=\"elementor-spacer-inner\"><\/div>\n\t\t<\/div>\n\t\t\t\t\t\t<\/div>\n\t\t\t\t<\/div>\n\t\t\t\t\t<\/div>\n\t\t<\/div>\n\t\t\t\t\t<\/div>\n\t\t<\/section>\n\t\t\t\t<\/div>\n\t\t","protected":false},"excerpt":{"rendered":"<p>Learn2Fringe #TallinnFINAL PITCH Learn2Fringe #Tallinn on haridusprogramm, kus artistidele antakse n\u00f5uandeid, kuidas kunstide vallas mitmekesistada oma rahalist sissetulekut ning kuidas tagada endale j\u00e4tkusuutlik karj\u00e4\u00e4r. Esimene Learn2Fringe #Tallinn v\u00e4lja\u00f5ppeprogramm kulmineerub viimase\u00a0pitching\u00a0sessiooniga, mil iga ettev\u00f5te tutvustab potentsiaalsetele rahastajatele, sponsoritele, koost\u00f6\u00f6partneritele ja otsustajatele oma v\u00e4ljapakutud ringk\u00e4iku. Eesm\u00e4rk on kindlustada omale rahastus, partnerlussuhted, broneeringud ja sidemed. See \u00fcritus on [&hellip;]<\/p>\n","protected":false},"author":3,"featured_media":0,"parent":0,"menu_order":0,"comment_status":"closed","ping_status":"closed","template":"","meta":{"inline_featured_image":false,"footnotes":"","_links_to":"","_links_to_target":""},"class_list":["post-7025","page","type-page","status-publish","hentry"],"_links":{"self":[{"href":"https:\/\/fringe.ee\/et\/wp-json\/wp\/v2\/pages\/7025","targetHints":{"allow":["GET"]}}],"collection":[{"href":"https:\/\/fringe.ee\/et\/wp-json\/wp\/v2\/pages"}],"about":[{"href":"https:\/\/fringe.ee\/et\/wp-json\/wp\/v2\/types\/page"}],"author":[{"embeddable":true,"href":"https:\/\/fringe.ee\/et\/wp-json\/wp\/v2\/users\/3"}],"replies":[{"embeddable":true,"href":"https:\/\/fringe.ee\/et\/wp-json\/wp\/v2\/comments?post=7025"}],"version-history":[{"count":1,"href":"https:\/\/fringe.ee\/et\/wp-json\/wp\/v2\/pages\/7025\/revisions"}],"predecessor-version":[{"id":7026,"href":"https:\/\/fringe.ee\/et\/wp-json\/wp\/v2\/pages\/7025\/revisions\/7026"}],"wp:attachment":[{"href":"https:\/\/fringe.ee\/et\/wp-json\/wp\/v2\/media?parent=7025"}],"curies":[{"name":"wp","href":"https:\/\/api.w.org\/{rel}","templated":true}]}}