{"id":6548,"date":"2025-01-14T23:07:14","date_gmt":"2025-01-14T23:07:14","guid":{"rendered":"https:\/\/fringe.ee\/learn2fringe\/"},"modified":"2025-06-08T20:26:23","modified_gmt":"2025-06-08T20:26:23","slug":"learn2fringe","status":"publish","type":"page","link":"https:\/\/fringe.ee\/et\/learn2fringe\/","title":{"rendered":"Learn2Fringe"},"content":{"rendered":"\t\t<div data-elementor-type=\"wp-page\" data-elementor-id=\"6548\" class=\"elementor elementor-6548 elementor-6535\" data-elementor-post-type=\"page\">\n\t\t\t\t\t\t<section class=\"elementor-section elementor-top-section elementor-element elementor-element-d3b07ff elementor-section-boxed elementor-section-height-default elementor-section-height-default\" data-id=\"d3b07ff\" data-element_type=\"section\" data-e-type=\"section\" data-settings=\"{&quot;background_background&quot;:&quot;classic&quot;}\">\n\t\t\t\t\t\t<div class=\"elementor-container elementor-column-gap-default\">\n\t\t\t\t\t<div class=\"elementor-column elementor-col-100 elementor-top-column elementor-element elementor-element-e0771f2\" data-id=\"e0771f2\" data-element_type=\"column\" data-e-type=\"column\">\n\t\t\t<div class=\"elementor-widget-wrap elementor-element-populated\">\n\t\t\t\t\t\t<div class=\"elementor-element elementor-element-7620bd4 elementor-widget elementor-widget-heading\" data-id=\"7620bd4\" data-element_type=\"widget\" data-e-type=\"widget\" data-widget_type=\"heading.default\">\n\t\t\t\t<div class=\"elementor-widget-container\">\n\t\t\t\t\t<h1 class=\"elementor-heading-title elementor-size-default\">Learn2Fringe #Tallinn<\/h1>\t\t\t\t<\/div>\n\t\t\t\t<\/div>\n\t\t\t\t\t<\/div>\n\t\t<\/div>\n\t\t\t\t\t<\/div>\n\t\t<\/section>\n\t\t\t\t<section class=\"elementor-section elementor-top-section elementor-element elementor-element-bd0b61f elementor-section-boxed elementor-section-height-default elementor-section-height-default\" data-id=\"bd0b61f\" data-element_type=\"section\" data-e-type=\"section\" data-settings=\"{&quot;background_background&quot;:&quot;classic&quot;}\">\n\t\t\t\t\t\t\t<div class=\"elementor-background-overlay\"><\/div>\n\t\t\t\t\t\t\t<div class=\"elementor-container elementor-column-gap-default\">\n\t\t\t\t\t<div class=\"elementor-column elementor-col-100 elementor-top-column elementor-element elementor-element-385eb6d6\" data-id=\"385eb6d6\" data-element_type=\"column\" data-e-type=\"column\">\n\t\t\t<div class=\"elementor-widget-wrap elementor-element-populated\">\n\t\t\t\t\t\t<div class=\"elementor-element elementor-element-f72c0e8 elementor-widget elementor-widget-image\" data-id=\"f72c0e8\" data-element_type=\"widget\" data-e-type=\"widget\" data-widget_type=\"image.default\">\n\t\t\t\t<div class=\"elementor-widget-container\">\n\t\t\t\t\t\t\t\t\t\t\t\t\t\t\t<img fetchpriority=\"high\" decoding=\"async\" width=\"800\" height=\"240\" src=\"https:\/\/fringe.ee\/wp-content\/uploads\/2025\/01\/TFF25-Banner-2000-x-600-px-1-1024x307.jpg\" class=\"attachment-large size-large wp-image-6493\" alt=\"Learn2Fringe\" srcset=\"https:\/\/fringe.ee\/wp-content\/uploads\/2025\/01\/TFF25-Banner-2000-x-600-px-1-1024x307.jpg 1024w, https:\/\/fringe.ee\/wp-content\/uploads\/2025\/01\/TFF25-Banner-2000-x-600-px-1-300x90.jpg 300w, https:\/\/fringe.ee\/wp-content\/uploads\/2025\/01\/TFF25-Banner-2000-x-600-px-1-768x230.jpg 768w, https:\/\/fringe.ee\/wp-content\/uploads\/2025\/01\/TFF25-Banner-2000-x-600-px-1-1536x461.jpg 1536w, https:\/\/fringe.ee\/wp-content\/uploads\/2025\/01\/TFF25-Banner-2000-x-600-px-1.jpg 2000w\" sizes=\"(max-width: 800px) 100vw, 800px\" \/>\t\t\t\t\t\t\t\t\t\t\t\t\t\t\t<\/div>\n\t\t\t\t<\/div>\n\t\t\t\t<div class=\"elementor-element elementor-element-d6a6dea elementor-widget elementor-widget-text-editor\" data-id=\"d6a6dea\" data-element_type=\"widget\" data-e-type=\"widget\" data-widget_type=\"text-editor.default\">\n\t\t\t\t<div class=\"elementor-widget-container\">\n\t\t\t\t\t\t\t\t\t<p><strong>** Pilootprogramm on l\u00f5ppenud, j\u00e4rgmine programm v\u00f5tab taotlusi vastu 2026. aasta jaanuaris.**<\/strong><br \/><br \/>Tegu on haridusprogrammiga, kus artistidele antakse n\u00f5uandeid, kuidas kunstide vallas mitmekesistada oma rahalist sissetulekut ning kuidas tagada endale j\u00e4tkusuutlik karj\u00e4\u00e4r.<\/p><p>Haridusprogramm on koost\u00f6\u00f6 Tallinn Fringe, Amsterdam Fringe, Reykjav\u00edk Fringe ja Gothenburg Fringe festivalide vahel.<\/p><p><strong>Artistid saavad<\/strong><br \/>\ud83d\udc49 tugeva arusaama sellest, kuidas Fringe festivalid t\u00f6\u00f6tavad ning kuidas v\u00f5tta parimat festivalist osav\u00f5tmisest.<br \/>\ud83d\udc49 tugeva arusaama eelarvete koostamisest ja rahalistest toetustest<br \/>\ud83d\udc49 reklaami-, br\u00e4ndi- ja turundusstrateegiad, mida oma vajaduste j\u00e4rgi kohandada<br \/>\ud83d\udc49 v\u00f5imaluse tutvustada oma \u0161\u00f5ud kunstimetseenidele, kes v\u00f5ivad potentsiaalselt sinu \u0161\u00f5ud rahaliselt toetada<\/p><p><strong>Learn2Fringe #Tallinn sisaldab<\/strong><br \/>\ud83d\udc49 3 x 4 tunnist grupi-workshoppi<br \/>\ud83d\udc49 3 x 1-1 mentorlussessiooni (broneeritakse individuaalselt)<br \/>\ud83d\udc49 Pitch to Arts Patrons \u00fcritus ehk v\u00f5imalus tutvustada oma \u0161\u00f5ud kunstimetseenidele<\/p><p>\u2757Sessioonid toimuvad kohapeal.<br \/>\u2757See programm on spetsiifiliselt koostatud Eestis elavatele artistidele.<br \/>\u2757Sinuga arvestatakse ainult siis, kui saad Tallinnas f\u00fc\u00fcsiliselt osa v\u00f5tta k\u00f5ikidest sessioonidest.<\/p><p>K\u00f5ikv\u00f5imalikud artistid igasuguse esinemisvormiga on oodatud osa v\u00f5tma.<br \/>Osav\u00f5tt on tasuta taotlusvoorust l\u00e4bi saanud taotlejatele.<\/p><p>Sa ei pea esinema Tallinn Fringe festivalil, et taotlust esitada.<br \/>Haridusprogrammi toetavad Tallinn Fringe, Heldeke! ja partnerid.<\/p>\t\t\t\t\t\t\t\t<\/div>\n\t\t\t\t<\/div>\n\t\t\t\t\t<\/div>\n\t\t<\/div>\n\t\t\t\t\t<\/div>\n\t\t<\/section>\n\t\t\t\t<section class=\"elementor-section elementor-top-section elementor-element elementor-element-85a39d2 elementor-section-boxed elementor-section-height-default elementor-section-height-default\" data-id=\"85a39d2\" data-element_type=\"section\" data-e-type=\"section\">\n\t\t\t\t\t\t<div class=\"elementor-container elementor-column-gap-default\">\n\t\t\t\t\t<div class=\"elementor-column elementor-col-100 elementor-top-column elementor-element elementor-element-347cd2d\" data-id=\"347cd2d\" data-element_type=\"column\" data-e-type=\"column\">\n\t\t\t<div class=\"elementor-widget-wrap elementor-element-populated\">\n\t\t\t\t\t\t<div class=\"elementor-element elementor-element-fc08cdf elementor-widget elementor-widget-spacer\" data-id=\"fc08cdf\" data-element_type=\"widget\" data-e-type=\"widget\" data-widget_type=\"spacer.default\">\n\t\t\t\t<div class=\"elementor-widget-container\">\n\t\t\t\t\t\t\t<div class=\"elementor-spacer\">\n\t\t\t<div class=\"elementor-spacer-inner\"><\/div>\n\t\t<\/div>\n\t\t\t\t\t\t<\/div>\n\t\t\t\t<\/div>\n\t\t\t\t\t<\/div>\n\t\t<\/div>\n\t\t\t\t\t<\/div>\n\t\t<\/section>\n\t\t\t\t<\/div>\n\t\t","protected":false},"excerpt":{"rendered":"<p>Learn2Fringe #Tallinn ** Pilootprogramm on l\u00f5ppenud, j\u00e4rgmine programm v\u00f5tab taotlusi vastu 2026. aasta jaanuaris.** Tegu on haridusprogrammiga, kus artistidele antakse n\u00f5uandeid, kuidas kunstide vallas mitmekesistada oma rahalist sissetulekut ning kuidas tagada endale j\u00e4tkusuutlik karj\u00e4\u00e4r. Haridusprogramm on koost\u00f6\u00f6 Tallinn Fringe, Amsterdam Fringe, Reykjav\u00edk Fringe ja Gothenburg Fringe festivalide vahel. Artistid saavad\ud83d\udc49 tugeva arusaama sellest, kuidas Fringe [&hellip;]<\/p>\n","protected":false},"author":3,"featured_media":0,"parent":0,"menu_order":0,"comment_status":"closed","ping_status":"closed","template":"","meta":{"inline_featured_image":false,"footnotes":"","_links_to":"","_links_to_target":""},"class_list":["post-6548","page","type-page","status-publish","hentry"],"aioseo_notices":[],"_links":{"self":[{"href":"https:\/\/fringe.ee\/et\/wp-json\/wp\/v2\/pages\/6548","targetHints":{"allow":["GET"]}}],"collection":[{"href":"https:\/\/fringe.ee\/et\/wp-json\/wp\/v2\/pages"}],"about":[{"href":"https:\/\/fringe.ee\/et\/wp-json\/wp\/v2\/types\/page"}],"author":[{"embeddable":true,"href":"https:\/\/fringe.ee\/et\/wp-json\/wp\/v2\/users\/3"}],"replies":[{"embeddable":true,"href":"https:\/\/fringe.ee\/et\/wp-json\/wp\/v2\/comments?post=6548"}],"version-history":[{"count":5,"href":"https:\/\/fringe.ee\/et\/wp-json\/wp\/v2\/pages\/6548\/revisions"}],"predecessor-version":[{"id":7534,"href":"https:\/\/fringe.ee\/et\/wp-json\/wp\/v2\/pages\/6548\/revisions\/7534"}],"wp:attachment":[{"href":"https:\/\/fringe.ee\/et\/wp-json\/wp\/v2\/media?parent=6548"}],"curies":[{"name":"wp","href":"https:\/\/api.w.org\/{rel}","templated":true}]}}