{"id":5829,"date":"2024-07-23T19:12:45","date_gmt":"2024-07-23T19:12:45","guid":{"rendered":"https:\/\/fringe.ee\/kuidas-ringi-liigelda\/"},"modified":"2025-07-30T09:19:52","modified_gmt":"2025-07-30T09:19:52","slug":"kuidas-ringi-liigelda","status":"publish","type":"page","link":"https:\/\/fringe.ee\/et\/kuidas-ringi-liigelda\/","title":{"rendered":"Kuidas ringi liigelda"},"content":{"rendered":"<h1>Tallinnas liiklemine<\/h1>\n<h2>18.8-18.9.2025<\/h2>\n<h2>\u00dchistranspordiga<\/h2>\n<p>Tallinna \u00fchistransport on usaldusv\u00e4\u00e4rne, taskukohane ja h\u00f5lpsasti ligip\u00e4\u00e4setav. Busside, trammide ja trollidega saab kiirelt ja mugavalt Tallinnas ringi liigelda.<\/p>\n<p>Tallinna elanikud: \u00fchistransport on tasuta, aga vaid siis, kui valideerid oma rohelise kaardi \u00fchistransporti sisenedes.<\/p>\n<p>K\u00fclastajad: Kogu info piletite ja \u00fchistranspordi v\u00f5imaluste kohta leiad\u00a0 <a href=\"https:\/\/visittallinn.ee\/est\/k%C3%BClastaja\/planeeri\/liikumine-tallinnas\/%C3%BChistransport\" target=\"_blank\" rel=\"noopener\">Visit Tallinna lehek\u00fcljelt <\/a>, mille kaudu saad piletid soetada oma vajaduste j\u00e4rgi.<\/p>\n<h2>Taksoga<\/h2>\n<p>Tallinnas tegutsevad mitmed erisugused taksofirmad.<\/p>\n<p><a href=\"https:\/\/bolt.eu\/et-ee\/\" target=\"_blank\" rel=\"noopener\">Bolt<\/a> ja <a href=\"https:\/\/www.uber.com\/global\/et\/ride\/app\/?referrer=singular_click_id%3De553781b-68db-429a-afdd-007d92b98bc0\" target=\"_blank\" rel=\"noopener\">Uber<\/a> on \u00fched populaarseimad taksoteenusepakkujad Eestis, aga ka kohalik firmad nagu <a href=\"https:\/\/forustakso.ee\/\" target=\"_blank\" rel=\"noopener\">Forus<\/a> .<br \/>\nNende \u00e4ppe saab alla laadida linkide kaudu.<\/p>\n<h2>K\u00f5ndides<\/h2>\n<p>Jaa, mitmete toimumispaikade vahel on v\u00f5imalik v\u00e4gagi lihtsasti liigelda! Aga kindlasti uuri enne kaarti k\u00f5ikide toimumispaikadega, sest need paiknevad \u00fcle terve linna ning vahel on just h\u00f5lpsaim viis k\u00f5ndida \u00fchest kohast teise, vahel aga mitte.<\/p>\n<h2>T\u00f5ukerattaga<\/h2>\n<p>Tallinnas on kaks t\u00f5ukerattarendifirmat, mida kohalikud armastavad. Me soovitame m\u00f5lema firma \u00e4pid alla laadida, et n\u00e4ha, milline t\u00f5ukerattas on teile vajalikul hetkel k\u00f5ige l\u00e4hemal.<\/p>\n<p><a href=\"https:\/\/tuul.xyz\/\" target=\"_blank\" rel=\"noopener\">Tuul<\/a> on uusim kohalik konkurent <a href=\"https:\/\/bolt.eu\/et-ee\/\" target=\"_blank\" rel=\"noopener\">Bolti \u00a0<\/a>t\u00f5ukeratastele (sama \u00e4pp, mis taksode tellimisel) ning m\u00f5lemad pakuvad n\u00f5udlusel p\u00f5hinevat t\u00f5ukerattarendiv\u00f5imalust Tallinnas.<\/p>\n<h2>Jalgrattaga<\/h2>\n<p>Tallinn on v\u00e4ga rattas\u00f5bralik, siin asub mitmeid spetsiaalseid rattas\u00f5iduteid ning neid rajatakse ka ajas juurde. \u00dcle linna leidub palju rattahoiukohti, mis ei piirdu vaid traditsioonilise rattahoidjaga. Laadi alla <a href=\"https:\/\/bikeep.com\/app\" target=\"_blank\" rel=\"noopener\">Bikeep \u00e4pp<\/a>, et leida v\u00f5imalikke rattahoiukohti \u00fcle linna.<br \/>\nTallinnas tegutseb ka Rekola Bikesharing rattarendirakendus, kui tahad rattaga m\u00f6\u00f6da linna s\u00f5ita: <a href=\"https:\/\/www.rekola.ee\/\" target=\"_blank\" rel=\"noopener\">Rekola Bikesharing \u00e4pp<\/a><br \/>\n(Ka Bolt rendib v\u00e4lja rattaid!)<\/p>\n<h2>Autoga<\/h2>\n<p>Kui sul on t\u00f5esti vaja Tallinnas liigelda autoga, siis k\u00f5ige lihtsam viis on auto rentida \u00e4piga.<\/p>\n<p><a href=\"https:\/\/citybee.ee\/ee\/\" target=\"_blank\" rel=\"noopener\">Citybee<\/a> ja <a href=\"https:\/\/bolt.eu\/et-ee\/\" target=\"_blank\" rel=\"noopener\">Bolt Drive<\/a> (sama \u00e4pp mis Bolti taksoteenusel) pakuvad n\u00f5udlusel p\u00f5hinevat autorenti. Saad oma s\u00f5itu alustada ja l\u00f5petada paljudes m\u00e4\u00e4ratud tsoonides \u00fcle Tallinna.<\/p>\n","protected":false},"excerpt":{"rendered":"<p>Tallinnas liiklemine 18.8-18.9.2025 \u00dchistranspordiga Tallinna \u00fchistransport on usaldusv\u00e4\u00e4rne, taskukohane ja h\u00f5lpsasti ligip\u00e4\u00e4setav. Busside, trammide ja trollidega saab kiirelt ja mugavalt Tallinnas ringi liigelda. Tallinna elanikud: \u00fchistransport on tasuta, aga vaid siis, kui valideerid oma rohelise kaardi \u00fchistransporti sisenedes. K\u00fclastajad: Kogu info piletite ja \u00fchistranspordi v\u00f5imaluste kohta leiad\u00a0 Visit Tallinna lehek\u00fcljelt , mille kaudu saad piletid [&hellip;]<\/p>\n","protected":false},"author":3,"featured_media":0,"parent":0,"menu_order":0,"comment_status":"closed","ping_status":"closed","template":"","meta":{"inline_featured_image":false,"footnotes":"","_links_to":"","_links_to_target":""},"class_list":["post-5829","page","type-page","status-publish","hentry"],"_links":{"self":[{"href":"https:\/\/fringe.ee\/et\/wp-json\/wp\/v2\/pages\/5829","targetHints":{"allow":["GET"]}}],"collection":[{"href":"https:\/\/fringe.ee\/et\/wp-json\/wp\/v2\/pages"}],"about":[{"href":"https:\/\/fringe.ee\/et\/wp-json\/wp\/v2\/types\/page"}],"author":[{"embeddable":true,"href":"https:\/\/fringe.ee\/et\/wp-json\/wp\/v2\/users\/3"}],"replies":[{"embeddable":true,"href":"https:\/\/fringe.ee\/et\/wp-json\/wp\/v2\/comments?post=5829"}],"version-history":[{"count":4,"href":"https:\/\/fringe.ee\/et\/wp-json\/wp\/v2\/pages\/5829\/revisions"}],"predecessor-version":[{"id":7852,"href":"https:\/\/fringe.ee\/et\/wp-json\/wp\/v2\/pages\/5829\/revisions\/7852"}],"wp:attachment":[{"href":"https:\/\/fringe.ee\/et\/wp-json\/wp\/v2\/media?parent=5829"}],"curies":[{"name":"wp","href":"https:\/\/api.w.org\/{rel}","templated":true}]}}