{"id":4496,"date":"2024-01-30T14:36:53","date_gmt":"2024-01-30T14:36:53","guid":{"rendered":"https:\/\/fringe.ee\/kasulik-info-esinejatele\/"},"modified":"2025-07-18T11:56:52","modified_gmt":"2025-07-18T11:56:52","slug":"kasulik-info-esinejatele","status":"publish","type":"page","link":"https:\/\/fringe.ee\/et\/kasulik-info-esinejatele\/","title":{"rendered":"Kasulik info esinejatele"},"content":{"rendered":"\t\t<div data-elementor-type=\"wp-page\" data-elementor-id=\"4496\" class=\"elementor elementor-4496 elementor-4273\" data-elementor-post-type=\"page\">\n\t\t\t\t\t\t<section class=\"elementor-section elementor-top-section elementor-element elementor-element-d3b07ff elementor-section-boxed elementor-section-height-default elementor-section-height-default\" data-id=\"d3b07ff\" data-element_type=\"section\" data-e-type=\"section\" data-settings=\"{&quot;background_background&quot;:&quot;classic&quot;}\">\n\t\t\t\t\t\t<div class=\"elementor-container elementor-column-gap-default\">\n\t\t\t\t\t<div class=\"elementor-column elementor-col-100 elementor-top-column elementor-element elementor-element-e0771f2\" data-id=\"e0771f2\" data-element_type=\"column\" data-e-type=\"column\">\n\t\t\t<div class=\"elementor-widget-wrap elementor-element-populated\">\n\t\t\t\t\t\t<div class=\"elementor-element elementor-element-7620bd4 elementor-widget elementor-widget-heading\" data-id=\"7620bd4\" data-element_type=\"widget\" data-e-type=\"widget\" data-widget_type=\"heading.default\">\n\t\t\t\t<div class=\"elementor-widget-container\">\n\t\t\t\t\t<h1 class=\"elementor-heading-title elementor-size-default\">Kasulik info esinejatele<\/h1>\t\t\t\t<\/div>\n\t\t\t\t<\/div>\n\t\t\t\t\t<\/div>\n\t\t<\/div>\n\t\t\t\t\t<\/div>\n\t\t<\/section>\n\t\t\t\t<section class=\"elementor-section elementor-top-section elementor-element elementor-element-3782ab0 elementor-section-boxed elementor-section-height-default elementor-section-height-default\" data-id=\"3782ab0\" data-element_type=\"section\" data-e-type=\"section\" data-settings=\"{&quot;background_background&quot;:&quot;classic&quot;}\">\n\t\t\t\t\t\t<div class=\"elementor-container elementor-column-gap-default\">\n\t\t\t\t\t<div class=\"elementor-column elementor-col-100 elementor-top-column elementor-element elementor-element-1ab57b7\" data-id=\"1ab57b7\" data-element_type=\"column\" data-e-type=\"column\">\n\t\t\t<div class=\"elementor-widget-wrap elementor-element-populated\">\n\t\t\t\t\t\t<div class=\"elementor-element elementor-element-39fd73e elementor-widget elementor-widget-text-editor\" data-id=\"39fd73e\" data-element_type=\"widget\" data-e-type=\"widget\" data-widget_type=\"text-editor.default\">\n\t\t\t\t<div class=\"elementor-widget-container\">\n\t\t\t\t\t\t\t\t\t<h3>J\u00f5uad veel festivalist osa v\u00f5tta.<br \/>\nKogu info leiad <a href=\"https:\/\/fringe.ee\/participate-25\/\">siit<br \/>\n<\/a><\/h3>\n\t\t\t\t\t\t\t\t<\/div>\n\t\t\t\t<\/div>\n\t\t\t\t\t<\/div>\n\t\t<\/div>\n\t\t\t\t\t<\/div>\n\t\t<\/section>\n\t\t\t\t<section class=\"elementor-section elementor-top-section elementor-element elementor-element-d48b743 elementor-section-boxed elementor-section-height-default elementor-section-height-default\" data-id=\"d48b743\" data-element_type=\"section\" data-e-type=\"section\" data-settings=\"{&quot;background_background&quot;:&quot;classic&quot;}\">\n\t\t\t\t\t\t<div class=\"elementor-container elementor-column-gap-default\">\n\t\t\t\t\t<div class=\"elementor-column elementor-col-100 elementor-top-column elementor-element elementor-element-ef77d16\" data-id=\"ef77d16\" data-element_type=\"column\" data-e-type=\"column\">\n\t\t\t<div class=\"elementor-widget-wrap elementor-element-populated\">\n\t\t\t\t\t\t<div class=\"elementor-element elementor-element-ba275d0 elementor-widget elementor-widget-heading\" data-id=\"ba275d0\" data-element_type=\"widget\" data-e-type=\"widget\" data-widget_type=\"heading.default\">\n\t\t\t\t<div class=\"elementor-widget-container\">\n\t\t\t\t\t<h3 class=\"elementor-heading-title elementor-size-default\">Majutus<\/h3>\t\t\t\t<\/div>\n\t\t\t\t<\/div>\n\t\t\t\t<div class=\"elementor-element elementor-element-3815802 elementor-widget elementor-widget-text-editor\" data-id=\"3815802\" data-element_type=\"widget\" data-e-type=\"widget\" data-widget_type=\"text-editor.default\">\n\t\t\t\t<div class=\"elementor-widget-container\">\n\t\t\t\t\t\t\t\t\t<p>T\u00f6\u00f6tame praegu selle kallal, et leida majutuspartnereid, kes pakuksid Fringe&#8217;i esinejatele allahindlusi.<\/p>\n<p>Soovitame teil kindlasti kontrollida oma toimumispaiga asukohta Tallinnas, et veenduda majutuse sobivuses ning transpordi k\u00e4ttesaadavuses.<\/p>\n\t\t\t\t\t\t\t\t<\/div>\n\t\t\t\t<\/div>\n\t\t\t\t\t<\/div>\n\t\t<\/div>\n\t\t\t\t\t<\/div>\n\t\t<\/section>\n\t\t\t\t<section class=\"elementor-section elementor-top-section elementor-element elementor-element-ac973bc elementor-section-boxed elementor-section-height-default elementor-section-height-default\" data-id=\"ac973bc\" data-element_type=\"section\" data-e-type=\"section\" data-settings=\"{&quot;background_background&quot;:&quot;classic&quot;}\">\n\t\t\t\t\t\t<div class=\"elementor-container elementor-column-gap-default\">\n\t\t\t\t\t<div class=\"elementor-column elementor-col-100 elementor-top-column elementor-element elementor-element-dfe4fa0\" data-id=\"dfe4fa0\" data-element_type=\"column\" data-e-type=\"column\">\n\t\t\t<div class=\"elementor-widget-wrap elementor-element-populated\">\n\t\t\t\t\t\t<div class=\"elementor-element elementor-element-e59e8d2 elementor-widget elementor-widget-heading\" data-id=\"e59e8d2\" data-element_type=\"widget\" data-e-type=\"widget\" data-widget_type=\"heading.default\">\n\t\t\t\t<div class=\"elementor-widget-container\">\n\t\t\t\t\t<h3 class=\"elementor-heading-title elementor-size-default\">Reklaamimine<\/h3>\t\t\t\t<\/div>\n\t\t\t\t<\/div>\n\t\t\t\t<div class=\"elementor-element elementor-element-1ca5424 elementor-widget elementor-widget-text-editor\" data-id=\"1ca5424\" data-element_type=\"widget\" data-e-type=\"widget\" data-widget_type=\"text-editor.default\">\n\t\t\t\t<div class=\"elementor-widget-container\">\n\t\t\t\t\t\t\t\t\tOn \u00fclimalt oluline. Sul peab olema hea reklaamimisstrateegia, et oma \u0161\u00f5ule publikut saada.\r\n\r\nTallinn Fringe on ideaalne v\u00f5imalus testida oma strateegiaid ning kindlaks teha, kuidas omale publikut saada.\r\n\r\nIga \u0161\u00f5u vajab erinevat lahendust ja l\u00e4henemist \u2013 on olemas \u00fcldised praktikad, kuid samas pead oma strateegia kohandama just oma \u0161\u00f5ule.\r\n\r\nSee n\u00f5uab aega, entusiasmi, raha ja teadmisi.\r\n\r\nKui vajad tuge v\u00f5i ideid, v\u00f5ta julgelt \u00fchendust festivali korraldajatega. Me ei tee otsuseid sinu eest, kuid saame aidata sul teha teadlikumaid valikuid.\r\n\r\nEnne festivali korraldame nii veebip\u00f5hiseid kui ka kohalikke harivaid \u00fcritusi, mis keskenduvad promole ja turundusele.\r\n\r\n<hr \/>\r\n\r\n<strong>Kiired m\u00e4rkused:<\/strong>\r\n\r\nEsmalt m\u00f5tle l\u00e4bi, kes oleks sinu ideaalne vaataja. Neid v\u00f5ib olla rohkem kui \u00fcks.\r\n\r\nSeej\u00e4rel loo visuaal ja \u0161\u00f5ukirjeldus, mis oleks kaasahaarav, arusaadav ja ahvatlev just sinu sihtpubliku jaoks.\r\n\r\nPea meeles, et publik:\r\n<ul>\r\n \t<li>hindab su \u0161\u00f5ud visuaali kvaliteedi j\u00e4rgi,<\/li>\r\n \t<li>loeb sinu \u0161\u00f5u teksti v\u00e4hem kui 10 sekundit.<\/li>\r\n<\/ul>\r\nSeega veendu, et su visuaal ja tekst oleksid silmapaistvad, p\u00f5nevad ja m\u00f5istetavad. Nii suurendad t\u00f5en\u00e4osust, et nad ostavad pileti.\r\n\r\nAlusta oma turundusstrateegia koostamist ja elluviimist varakult. Jah, tee igal n\u00e4dalal natuke \u2013 see muudab Fringe\u2019i ajal k\u00f5ik palju lihtsamaks.\r\n\r\nKui j\u00e4tad k\u00f5ik viimasele minutile ja loodad promo teha ainult Fringe\u2019i ajal, siis on suur t\u00f5en\u00e4osus, et j\u00e4\u00e4d oma tulemuses pettuma.\r\n\r\n&nbsp;\t\t\t\t\t\t\t\t<\/div>\n\t\t\t\t<\/div>\n\t\t\t\t\t<\/div>\n\t\t<\/div>\n\t\t\t\t\t<\/div>\n\t\t<\/section>\n\t\t\t\t<section class=\"elementor-section elementor-top-section elementor-element elementor-element-0845d41 elementor-section-boxed elementor-section-height-default elementor-section-height-default\" data-id=\"0845d41\" data-element_type=\"section\" data-e-type=\"section\" data-settings=\"{&quot;background_background&quot;:&quot;classic&quot;}\">\n\t\t\t\t\t\t<div class=\"elementor-container elementor-column-gap-default\">\n\t\t\t\t\t<div class=\"elementor-column elementor-col-100 elementor-top-column elementor-element elementor-element-3af7680\" data-id=\"3af7680\" data-element_type=\"column\" data-e-type=\"column\">\n\t\t\t<div class=\"elementor-widget-wrap elementor-element-populated\">\n\t\t\t\t\t\t<div class=\"elementor-element elementor-element-44924b6 elementor-widget elementor-widget-heading\" data-id=\"44924b6\" data-element_type=\"widget\" data-e-type=\"widget\" data-widget_type=\"heading.default\">\n\t\t\t\t<div class=\"elementor-widget-container\">\n\t\t\t\t\t<h3 class=\"elementor-heading-title elementor-size-default\">Uudiskirjad<\/h3>\t\t\t\t<\/div>\n\t\t\t\t<\/div>\n\t\t\t\t<div class=\"elementor-element elementor-element-01350a7 elementor-widget elementor-widget-text-editor\" data-id=\"01350a7\" data-element_type=\"widget\" data-e-type=\"widget\" data-widget_type=\"text-editor.default\">\n\t\t\t\t<div class=\"elementor-widget-container\">\n\t\t\t\t\t\t\t\t\t<p><a href=\"https:\/\/www.gammapeople.com\/advertise\" target=\"_blank\" rel=\"noopener\">Gamma People<\/a> on kohalik \u00fcrituste uudiskiri, mida j\u00e4lgib enam kui 3000 inimest.<br \/>\nFookus on ingliskeelsetel \u00fcritustel.<br \/>\nSeda lastakse v\u00e4lja kolm korda n\u00e4dalas ning on tasuline.<\/p>\n\t\t\t\t\t\t\t\t<\/div>\n\t\t\t\t<\/div>\n\t\t\t\t\t<\/div>\n\t\t<\/div>\n\t\t\t\t\t<\/div>\n\t\t<\/section>\n\t\t\t\t<section class=\"elementor-section elementor-top-section elementor-element elementor-element-47e908e elementor-section-boxed elementor-section-height-default elementor-section-height-default\" data-id=\"47e908e\" data-element_type=\"section\" data-e-type=\"section\" data-settings=\"{&quot;background_background&quot;:&quot;classic&quot;}\">\n\t\t\t\t\t\t<div class=\"elementor-container elementor-column-gap-default\">\n\t\t\t\t\t<div class=\"elementor-column elementor-col-100 elementor-top-column elementor-element elementor-element-b3f7460\" data-id=\"b3f7460\" data-element_type=\"column\" data-e-type=\"column\">\n\t\t\t<div class=\"elementor-widget-wrap elementor-element-populated\">\n\t\t\t\t\t\t<div class=\"elementor-element elementor-element-39f725f elementor-widget elementor-widget-heading\" data-id=\"39f725f\" data-element_type=\"widget\" data-e-type=\"widget\" data-widget_type=\"heading.default\">\n\t\t\t\t<div class=\"elementor-widget-container\">\n\t\t\t\t\t<h3 class=\"elementor-heading-title elementor-size-default\">Printimine<\/h3>\t\t\t\t<\/div>\n\t\t\t\t<\/div>\n\t\t\t\t<div class=\"elementor-element elementor-element-0a0995c elementor-widget elementor-widget-text-editor\" data-id=\"0a0995c\" data-element_type=\"widget\" data-e-type=\"widget\" data-widget_type=\"text-editor.default\">\n\t\t\t\t<div class=\"elementor-widget-container\">\n\t\t\t\t\t\t\t\t\t<p>V\u00f5ta plakatite ja flaierite tr\u00fckkimiseks otse \u00fchendust oma esinemispaigaga, sest neil on ligip\u00e4\u00e4s festivali koost\u00f6\u00f6partnerist tr\u00fckikojale.<br \/>\nSelleks on sul vaja <strong>prindivalmis .pdf-faili.<\/strong><\/p>\n\t\t\t\t\t\t\t\t<\/div>\n\t\t\t\t<\/div>\n\t\t\t\t\t<\/div>\n\t\t<\/div>\n\t\t\t\t\t<\/div>\n\t\t<\/section>\n\t\t\t\t<section class=\"elementor-section elementor-top-section elementor-element elementor-element-01f0bdc elementor-section-boxed elementor-section-height-default elementor-section-height-default\" data-id=\"01f0bdc\" data-element_type=\"section\" data-e-type=\"section\" data-settings=\"{&quot;background_background&quot;:&quot;classic&quot;}\">\n\t\t\t\t\t\t<div class=\"elementor-container elementor-column-gap-default\">\n\t\t\t\t\t<div class=\"elementor-column elementor-col-100 elementor-top-column elementor-element elementor-element-e5ff121\" data-id=\"e5ff121\" data-element_type=\"column\" data-e-type=\"column\">\n\t\t\t<div class=\"elementor-widget-wrap elementor-element-populated\">\n\t\t\t\t\t\t<div class=\"elementor-element elementor-element-123105e elementor-widget elementor-widget-heading\" data-id=\"123105e\" data-element_type=\"widget\" data-e-type=\"widget\" data-widget_type=\"heading.default\">\n\t\t\t\t<div class=\"elementor-widget-container\">\n\t\t\t\t\t<h3 class=\"elementor-heading-title elementor-size-default\">Flaierite jagamine<\/h3>\t\t\t\t<\/div>\n\t\t\t\t<\/div>\n\t\t\t\t<div class=\"elementor-element elementor-element-7401990 elementor-widget elementor-widget-text-editor\" data-id=\"7401990\" data-element_type=\"widget\" data-e-type=\"widget\" data-widget_type=\"text-editor.default\">\n\t\t\t\t<div class=\"elementor-widget-container\">\n\t\t\t\t\t\t\t\t\t<p>Kohad, kus on palju jalgsi liiklemist (Tallinna standardite kohaselt.)<br \/>\n1. Raekoja plats<br \/>\n2. Telliskivi Loomelinnak (parimad on p\u00e4rastl\u00f5unased\/\u00f5htused ajad n\u00e4dalavahetustel)<br \/>\n3. Laevaterminalid<br \/>\n4. Balti jaama turg<br \/>\n5. Rongijaam<\/p>\n\t\t\t\t\t\t\t\t<\/div>\n\t\t\t\t<\/div>\n\t\t\t\t\t<\/div>\n\t\t<\/div>\n\t\t\t\t\t<\/div>\n\t\t<\/section>\n\t\t\t\t<section class=\"elementor-section elementor-top-section elementor-element elementor-element-447bd11 elementor-section-boxed elementor-section-height-default elementor-section-height-default\" data-id=\"447bd11\" data-element_type=\"section\" data-e-type=\"section\" data-settings=\"{&quot;background_background&quot;:&quot;classic&quot;}\">\n\t\t\t\t\t\t<div class=\"elementor-container elementor-column-gap-default\">\n\t\t\t\t\t<div class=\"elementor-column elementor-col-100 elementor-top-column elementor-element elementor-element-6b1eac7\" data-id=\"6b1eac7\" data-element_type=\"column\" data-e-type=\"column\">\n\t\t\t<div class=\"elementor-widget-wrap elementor-element-populated\">\n\t\t\t\t\t\t<div class=\"elementor-element elementor-element-b113173 elementor-widget elementor-widget-heading\" data-id=\"b113173\" data-element_type=\"widget\" data-e-type=\"widget\" data-widget_type=\"heading.default\">\n\t\t\t\t<div class=\"elementor-widget-container\">\n\t\t\t\t\t<h3 class=\"elementor-heading-title elementor-size-default\">Plakatite \u00fclesseadmine<\/h3>\t\t\t\t<\/div>\n\t\t\t\t<\/div>\n\t\t\t\t<div class=\"elementor-element elementor-element-71ae375 elementor-widget elementor-widget-text-editor\" data-id=\"71ae375\" data-element_type=\"widget\" data-e-type=\"widget\" data-widget_type=\"text-editor.default\">\n\t\t\t\t<div class=\"elementor-widget-container\">\n\t\t\t\t\t\t\t\t\t<p>Tasulised asukohad<\/p>\n<p>Tasuta asukohad: Siin on kaart A3\/A2\/A1 plakatis\u00f5bralikest kohtadest<\/p>\n\t\t\t\t\t\t\t\t<\/div>\n\t\t\t\t<\/div>\n\t\t\t\t<div class=\"elementor-element elementor-element-220211a elementor-widget elementor-widget-shortcode\" data-id=\"220211a\" data-element_type=\"widget\" data-e-type=\"widget\" data-widget_type=\"shortcode.default\">\n\t\t\t\t<div class=\"elementor-widget-container\">\n\t\t\t\t\t\t\t<div class=\"elementor-shortcode\"><iframe data-src=\"https:\/\/www.google.com\/maps\/d\/embed?mid=1VEK9DALpGRWdYU1Uo2PCSzf7F1Eu_fU&ehbc=2E312F\" width=\"640\" height=\"480\" src=\"data:image\/svg+xml;base64,PHN2ZyB3aWR0aD0iMSIgaGVpZ2h0PSIxIiB4bWxucz0iaHR0cDovL3d3dy53My5vcmcvMjAwMC9zdmciPjwvc3ZnPg==\" class=\"lazyload\" data-load-mode=\"1\"><\/iframe><\/div>\n\t\t\t\t\t\t<\/div>\n\t\t\t\t<\/div>\n\t\t\t\t\t<\/div>\n\t\t<\/div>\n\t\t\t\t\t<\/div>\n\t\t<\/section>\n\t\t\t\t<section class=\"elementor-section elementor-top-section elementor-element elementor-element-fe52afe elementor-section-boxed elementor-section-height-default elementor-section-height-default\" data-id=\"fe52afe\" data-element_type=\"section\" data-e-type=\"section\" data-settings=\"{&quot;background_background&quot;:&quot;classic&quot;}\">\n\t\t\t\t\t\t<div class=\"elementor-container elementor-column-gap-default\">\n\t\t\t\t\t<div class=\"elementor-column elementor-col-100 elementor-top-column elementor-element elementor-element-228b248\" data-id=\"228b248\" data-element_type=\"column\" data-e-type=\"column\">\n\t\t\t<div class=\"elementor-widget-wrap elementor-element-populated\">\n\t\t\t\t\t\t<div class=\"elementor-element elementor-element-38dfddc elementor-widget elementor-widget-heading\" data-id=\"38dfddc\" data-element_type=\"widget\" data-e-type=\"widget\" data-widget_type=\"heading.default\">\n\t\t\t\t<div class=\"elementor-widget-container\">\n\t\t\t\t\t<h3 class=\"elementor-heading-title elementor-size-default\">Sotsiaalmeedia<\/h3>\t\t\t\t<\/div>\n\t\t\t\t<\/div>\n\t\t\t\t<div class=\"elementor-element elementor-element-76c364d elementor-widget elementor-widget-text-editor\" data-id=\"76c364d\" data-element_type=\"widget\" data-e-type=\"widget\" data-widget_type=\"text-editor.default\">\n\t\t\t\t<div class=\"elementor-widget-container\">\n\t\t\t\t\t\t\t\t\tSiin on nimekiri FB-gruppidest, millega osaleda ja kuhu postitada.\r\n&lt;&lt;\r\n\r\nGrupid, kuhu postitada:\r\n<a href=\"https:\/\/www.facebook.com\/groups\/kalamaja\/\">https:\/\/www.facebook.com\/groups\/kalamaja\/<\/a><a href=\"https:\/\/www.facebook.com\/groups\/2545273362149409\/\">\r\n<\/a><a href=\"https:\/\/www.facebook.com\/groups\/pelgulinn\">https:\/\/www.facebook.com\/groups\/pelgulinn\r\n<\/a><a href=\"https:\/\/www.facebook.com\/groups\/1426575764337338\">https:\/\/www.facebook.com\/groups\/1426575764337338<\/a><a href=\"https:\/\/www.facebook.com\/groups\/uritusedTallinnas\">\r\n<\/a><a href=\"https:\/\/www.facebook.com\/groups\/925291230855218\/\">https:\/\/www.facebook.com\/groups\/925291230855218\/\r\n<\/a><a href=\"https:\/\/www.facebook.com\/groups\/1584000585162694\/\">https:\/\/www.facebook.com\/groups\/1584000585162694\/\r\n<\/a><a href=\"https:\/\/www.facebook.com\/groups\/304861073631045\/\">https:\/\/www.facebook.com\/groups\/304861073631045\/\r\n<\/a><a href=\"https:\/\/www.facebook.com\/groups\/2545273362149409\">https:\/\/www.facebook.com\/groups\/2545273362149409\r\n<\/a><a href=\"https:\/\/www.facebook.com\/groups\/uritusedTallinnas\">https:\/\/www.facebook.com\/groups\/uritusedTallinnas\r\n<\/a><a href=\"https:\/\/www.facebook.com\/groups\/508790043366682\">https:\/\/www.facebook.com\/groups\/508790043366682\r\n<\/a><a href=\"https:\/\/www.facebook.com\/groups\/2885681214826056\">https:\/\/www.facebook.com\/groups\/2885681214826056\r\n<\/a><a href=\"https:\/\/www.facebook.com\/groups\/207280756113653\">https:\/\/www.facebook.com\/groups\/207280756113653<\/a>\r\n\r\nTo post in English:\r\n<a href=\"https:\/\/www.facebook.com\/groups\/ExpatsEstonia\/\">https:\/\/www.facebook.com\/groups\/ExpatsEstonia\/\r\n<\/a><a href=\"https:\/\/www.facebook.com\/groups\/UniqueEventsInTallinnEstonia\">https:\/\/www.facebook.com\/groups\/UniqueEventsInTallinnEstonia\r\n<\/a><a href=\"https:\/\/www.facebook.com\/groups\/1199304950256641\/\">https:\/\/www.facebook.com\/groups\/1199304950256641\/\r\n<\/a><a href=\"https:\/\/www.facebook.com\/groups\/320232252097400\/\">https:\/\/www.facebook.com\/groups\/320232252097400\/<\/a><a href=\"https:\/\/www.facebook.com\/groups\/expatestonia\/\">\r\n<\/a><a href=\"https:\/\/www.facebook.com\/groups\/166477880066544\">https:\/\/www.facebook.com\/groups\/166477880066544\r\n<\/a><a href=\"https:\/\/www.facebook.com\/groups\/648909835502084\">https:\/\/www.facebook.com\/groups\/648909835502084\r\n<\/a><a href=\"https:\/\/www.facebook.com\/groups\/811026369473932\">https:\/\/www.facebook.com\/groups\/811026369473932<\/a>\t\t\t\t\t\t\t\t<\/div>\n\t\t\t\t<\/div>\n\t\t\t\t\t<\/div>\n\t\t<\/div>\n\t\t\t\t\t<\/div>\n\t\t<\/section>\n\t\t\t\t<section class=\"elementor-section elementor-top-section elementor-element elementor-element-77b6461 elementor-section-boxed elementor-section-height-default elementor-section-height-default\" data-id=\"77b6461\" data-element_type=\"section\" data-e-type=\"section\" data-settings=\"{&quot;background_background&quot;:&quot;classic&quot;}\">\n\t\t\t\t\t\t<div class=\"elementor-container elementor-column-gap-default\">\n\t\t\t\t\t<div class=\"elementor-column elementor-col-100 elementor-top-column elementor-element elementor-element-cc87974\" data-id=\"cc87974\" data-element_type=\"column\" data-e-type=\"column\">\n\t\t\t<div class=\"elementor-widget-wrap elementor-element-populated\">\n\t\t\t\t\t\t<div class=\"elementor-element elementor-element-87c8047 elementor-widget elementor-widget-heading\" data-id=\"87c8047\" data-element_type=\"widget\" data-e-type=\"widget\" data-widget_type=\"heading.default\">\n\t\t\t\t<div class=\"elementor-widget-container\">\n\t\t\t\t\t<h3 class=\"elementor-heading-title elementor-size-default\">Pressiteade<\/h3>\t\t\t\t<\/div>\n\t\t\t\t<\/div>\n\t\t\t\t<div class=\"elementor-element elementor-element-6394ca5 elementor-widget elementor-widget-text-editor\" data-id=\"6394ca5\" data-element_type=\"widget\" data-e-type=\"widget\" data-widget_type=\"text-editor.default\">\n\t\t\t\t<div class=\"elementor-widget-container\">\n\t\t\t\t\t\t\t\t\t<p>Pressiteadete v\u00e4ljasaatmine on \u00fcks parimaid reklaamimisstrateegiaid.<\/p>\n<p>Siin on palju kasulikke n\u00e4pun\u00e4iteid, kuidas kirjutada pressiteadet: <a href=\"https:\/\/www.brightonfringe.org\/take-part\/participants\/press-and-media\/\">Brighton Fringe<\/a><br \/>\n<em><a href=\"https:\/\/fringe.ee\/wp-content\/uploads\/2022\/05\/press-release-example.doc\">Pressiteate n\u00e4idis<\/a><\/em><\/p>\n<p>Eesti esinejad!<br \/>\nKui tahate ise pressiteadet v\u00e4lja saata, siis mine lehek\u00fcljele <a href=\"http:\/\/www.ajakirjanikud.ee\" target=\"_blank\" rel=\"noopener\">http:\/\/www.ajakirjanikud.ee<\/a><br \/>\nV\u00e4ljasaatmine maksab 25\u20ac ning tasuda saab \u00fclaloleval veebilehel.<\/p>\n\t\t\t\t\t\t\t\t<\/div>\n\t\t\t\t<\/div>\n\t\t\t\t\t<\/div>\n\t\t<\/div>\n\t\t\t\t\t<\/div>\n\t\t<\/section>\n\t\t\t\t<\/div>\n\t\t","protected":false},"excerpt":{"rendered":"<p>Kasulik info esinejatele J\u00f5uad veel festivalist osa v\u00f5tta. Kogu info leiad siit Majutus T\u00f6\u00f6tame praegu selle kallal, et leida majutuspartnereid, kes pakuksid Fringe&#8217;i esinejatele allahindlusi. Soovitame teil kindlasti kontrollida oma toimumispaiga asukohta Tallinnas, et veenduda majutuse sobivuses ning transpordi k\u00e4ttesaadavuses. Reklaamimine On \u00fclimalt oluline. Sul peab olema hea reklaamimisstrateegia, et oma \u0161\u00f5ule publikut saada. Tallinn [&hellip;]<\/p>\n","protected":false},"author":3,"featured_media":0,"parent":0,"menu_order":0,"comment_status":"closed","ping_status":"closed","template":"","meta":{"inline_featured_image":false,"footnotes":"","_links_to":"","_links_to_target":""},"class_list":["post-4496","page","type-page","status-publish","hentry"],"aioseo_notices":[],"_links":{"self":[{"href":"https:\/\/fringe.ee\/et\/wp-json\/wp\/v2\/pages\/4496","targetHints":{"allow":["GET"]}}],"collection":[{"href":"https:\/\/fringe.ee\/et\/wp-json\/wp\/v2\/pages"}],"about":[{"href":"https:\/\/fringe.ee\/et\/wp-json\/wp\/v2\/types\/page"}],"author":[{"embeddable":true,"href":"https:\/\/fringe.ee\/et\/wp-json\/wp\/v2\/users\/3"}],"replies":[{"embeddable":true,"href":"https:\/\/fringe.ee\/et\/wp-json\/wp\/v2\/comments?post=4496"}],"version-history":[{"count":5,"href":"https:\/\/fringe.ee\/et\/wp-json\/wp\/v2\/pages\/4496\/revisions"}],"predecessor-version":[{"id":7715,"href":"https:\/\/fringe.ee\/et\/wp-json\/wp\/v2\/pages\/4496\/revisions\/7715"}],"wp:attachment":[{"href":"https:\/\/fringe.ee\/et\/wp-json\/wp\/v2\/media?parent=4496"}],"curies":[{"name":"wp","href":"https:\/\/api.w.org\/{rel}","templated":true}]}}