{"id":4372,"date":"2024-01-30T14:33:27","date_gmt":"2024-01-30T14:33:27","guid":{"rendered":"https:\/\/fringe.ee\/?page_id=4372"},"modified":"2026-01-17T17:36:10","modified_gmt":"2026-01-17T17:36:10","slug":"meist","status":"publish","type":"page","link":"https:\/\/fringe.ee\/et\/meist\/","title":{"rendered":"Meist"},"content":{"rendered":"\t\t<div data-elementor-type=\"wp-page\" data-elementor-id=\"4372\" class=\"elementor elementor-4372 elementor-4257\" data-elementor-post-type=\"page\">\n\t\t\t\t\t\t<section class=\"elementor-section elementor-top-section elementor-element elementor-element-d3b07ff elementor-section-boxed elementor-section-height-default elementor-section-height-default\" data-id=\"d3b07ff\" data-element_type=\"section\" data-e-type=\"section\" data-settings=\"{&quot;background_background&quot;:&quot;classic&quot;}\">\n\t\t\t\t\t\t<div class=\"elementor-container elementor-column-gap-default\">\n\t\t\t\t\t<div class=\"elementor-column elementor-col-100 elementor-top-column elementor-element elementor-element-e0771f2\" data-id=\"e0771f2\" data-element_type=\"column\" data-e-type=\"column\">\n\t\t\t<div class=\"elementor-widget-wrap elementor-element-populated\">\n\t\t\t\t\t\t<div class=\"elementor-element elementor-element-7620bd4 elementor-widget elementor-widget-heading\" data-id=\"7620bd4\" data-element_type=\"widget\" data-e-type=\"widget\" data-widget_type=\"heading.default\">\n\t\t\t\t<div class=\"elementor-widget-container\">\n\t\t\t\t\t<h1 class=\"elementor-heading-title elementor-size-default\">Meist<\/h1>\t\t\t\t<\/div>\n\t\t\t\t<\/div>\n\t\t\t\t<div class=\"elementor-element elementor-element-531bd85 elementor-widget elementor-widget-heading\" data-id=\"531bd85\" data-element_type=\"widget\" data-e-type=\"widget\" data-widget_type=\"heading.default\">\n\t\t\t\t<div class=\"elementor-widget-container\">\n\t\t\t\t\t<h2 class=\"elementor-heading-title elementor-size-default\">18.8-18.9.2026<\/h2>\t\t\t\t<\/div>\n\t\t\t\t<\/div>\n\t\t\t\t\t<\/div>\n\t\t<\/div>\n\t\t\t\t\t<\/div>\n\t\t<\/section>\n\t\t\t\t<section class=\"elementor-section elementor-top-section elementor-element elementor-element-198992f elementor-section-boxed elementor-section-height-default elementor-section-height-default\" data-id=\"198992f\" data-element_type=\"section\" data-e-type=\"section\">\n\t\t\t\t\t\t<div class=\"elementor-container elementor-column-gap-default\">\n\t\t\t\t\t<div class=\"elementor-column elementor-col-100 elementor-top-column elementor-element elementor-element-789a655\" data-id=\"789a655\" data-element_type=\"column\" data-e-type=\"column\">\n\t\t\t<div class=\"elementor-widget-wrap elementor-element-populated\">\n\t\t\t\t\t\t<div class=\"elementor-element elementor-element-081548d elementor-widget elementor-widget-text-editor\" data-id=\"081548d\" data-element_type=\"widget\" data-e-type=\"widget\" data-widget_type=\"text-editor.default\">\n\t\t\t\t<div class=\"elementor-widget-container\">\n\t\t\t\t\t\t\t\t\t<p>Tallinn Fringe festival sai alguse 2016. aasta detsembris, kui grupp tsirkuse-, teatri-, tantsu-, muusika- ja tuleartiste esitlesid Telliskivi Loomelinnakus Tallinnas viie sisutiheda p\u00e4eva jooksul nii oma \u0161\u00f5usid kui ka koosloodud unikaalseid \u00fchisetendusi. Festivali nimeks sai Boom Chika Wau Wau.<\/p>\n<p>Festival toimus samal ajal kui ja alternatiivina teatrifestivalile <a href=\"https:\/\/linnateater.ee\/talveoo-unenagu\/\" target=\"_blank\" rel=\"noopener\">Talve\u00f6\u00f6 Unen\u00e4gu<\/a>.<\/p>\n<p>Kiirkerides aastasse 2026, k\u00fcmnes Tallinn Fringe festival koondab oma tiiva alla mitmeid toimumispaiku ja suure hulga rahvusvahelisi ning kohalikke artiste \u2013 turundades k\u00f5ike koos, et teha artistide elu lihtsamaks.<\/p>\n<p>Tallinn Fringe festivali etendusi ei kureeri festivali meeskond ega spetsiaalselt m\u00e4\u00e4ratud kultuuritegelaste komisjon. Artistid v\u00f5tavad otse \u00fchendust toimumispaikadega ning seej\u00e4rel edastavad toimumispaigad kinnitatud \u0161\u00f5ud festivalile.<br \/>See tagab mitmekesise, elava ja v\u00e4rvikireva programmi k\u00f5igile, nii artistidele kui ka publikule.<\/p>\n\t\t\t\t\t\t\t\t<\/div>\n\t\t\t\t<\/div>\n\t\t\t\t<div class=\"elementor-element elementor-element-c7b7a35 elementor-widget elementor-widget-heading\" data-id=\"c7b7a35\" data-element_type=\"widget\" data-e-type=\"widget\" data-widget_type=\"heading.default\">\n\t\t\t\t<div class=\"elementor-widget-container\">\n\t\t\t\t\t<h2 class=\"elementor-heading-title elementor-size-default\">Mis on fringe festival?<\/h2>\t\t\t\t<\/div>\n\t\t\t\t<\/div>\n\t\t\t\t<div class=\"elementor-element elementor-element-7a9bab4 elementor-widget elementor-widget-heading\" data-id=\"7a9bab4\" data-element_type=\"widget\" data-e-type=\"widget\" data-widget_type=\"heading.default\">\n\t\t\t\t<div class=\"elementor-widget-container\">\n\t\t\t\t\t<h4 class=\"elementor-heading-title elementor-size-default\"><a href=\"http:\/\/www.worldfringe.com\/what-is-a-fringe\/\" target=\"_blank\" rel=\"noopener\">www.worldfringe.com\/what-is-a-fringe\/<\/a><\/h4>\t\t\t\t<\/div>\n\t\t\t\t<\/div>\n\t\t\t\t<div class=\"elementor-element elementor-element-4c10ff7 elementor-widget elementor-widget-spacer\" data-id=\"4c10ff7\" data-element_type=\"widget\" data-e-type=\"widget\" data-widget_type=\"spacer.default\">\n\t\t\t\t<div class=\"elementor-widget-container\">\n\t\t\t\t\t\t\t<div class=\"elementor-spacer\">\n\t\t\t<div class=\"elementor-spacer-inner\"><\/div>\n\t\t<\/div>\n\t\t\t\t\t\t<\/div>\n\t\t\t\t<\/div>\n\t\t\t\t<div class=\"elementor-element elementor-element-540970c elementor-widget elementor-widget-heading\" data-id=\"540970c\" data-element_type=\"widget\" data-e-type=\"widget\" data-widget_type=\"heading.default\">\n\t\t\t\t<div class=\"elementor-widget-container\">\n\t\t\t\t\t<h2 class=\"elementor-heading-title elementor-size-default\">Meie v\u00e4\u00e4rtused ja p\u00fchendumus on:<\/h2>\t\t\t\t<\/div>\n\t\t\t\t<\/div>\n\t\t\t\t<div class=\"elementor-element elementor-element-420cdcd elementor-widget elementor-widget-text-editor\" data-id=\"420cdcd\" data-element_type=\"widget\" data-e-type=\"widget\" data-widget_type=\"text-editor.default\">\n\t\t\t\t<div class=\"elementor-widget-container\">\n\t\t\t\t\t\t\t\t\t<p>\ud83d\udc49 pakkuda platvormi esinejatele, et leida ja laiendada oma publikut ning saada ligip\u00e4\u00e4s rahvusvahelistele v\u00f5rgustikele.<br \/>\ud83d\udc49 julgustada arutelu ja arvamuste avaldamist.<\/p>\n\t\t\t\t\t\t\t\t<\/div>\n\t\t\t\t<\/div>\n\t\t\t\t<div class=\"elementor-element elementor-element-3fd14c7 elementor-widget elementor-widget-heading\" data-id=\"3fd14c7\" data-element_type=\"widget\" data-e-type=\"widget\" data-widget_type=\"heading.default\">\n\t\t\t\t<div class=\"elementor-widget-container\">\n\t\t\t\t\t<h2 class=\"elementor-heading-title elementor-size-default\">Fringe-v\u00f5rgustik<\/h2>\t\t\t\t<\/div>\n\t\t\t\t<\/div>\n\t\t\t\t<div class=\"elementor-element elementor-element-06f5697 elementor-widget elementor-widget-text-editor\" data-id=\"06f5697\" data-element_type=\"widget\" data-e-type=\"widget\" data-widget_type=\"text-editor.default\">\n\t\t\t\t<div class=\"elementor-widget-container\">\n\t\t\t\t\t\t\t\t\t<p>Tallinn Fringe Festival on <a href=\"https:\/\/www.nordicfringenetwork.com\/\" target=\"_blank\" rel=\"noopener\">Baltic Nordic Fringe,<\/a> <a href=\"http:\/\/www.worldfringe.com\/\" target=\"_blank\" rel=\"noopener\">World Fringe, <\/a><a href=\"https:\/\/www.balticnordiccircus.com\/\" target=\"_blank\" rel=\"noopener\">Baltic Nordic Circus<\/a> ja <a href=\"https:\/\/www.circostrada.org\/en\" target=\"_blank\" rel=\"noopener\">Circostrada<\/a> v\u00f5rgustiku liige.<\/p>\n\t\t\t\t\t\t\t\t<\/div>\n\t\t\t\t<\/div>\n\t\t\t\t<div class=\"elementor-element elementor-element-40400b8 elementor-widget elementor-widget-heading\" data-id=\"40400b8\" data-element_type=\"widget\" data-e-type=\"widget\" data-widget_type=\"heading.default\">\n\t\t\t\t<div class=\"elementor-widget-container\">\n\t\t\t\t\t<h2 class=\"elementor-heading-title elementor-size-default\">Meediale:<\/h2>\t\t\t\t<\/div>\n\t\t\t\t<\/div>\n\t\t\t\t<div class=\"elementor-element elementor-element-d8b87fc elementor-widget elementor-widget-text-editor\" data-id=\"d8b87fc\" data-element_type=\"widget\" data-e-type=\"widget\" data-widget_type=\"text-editor.default\">\n\t\t\t\t<div class=\"elementor-widget-container\">\n\t\t\t\t\t\t\t\t\t<p><strong>K\u00f5ik meediap\u00e4ringud: <a href=\"mailto:info@fringe.ee\">info@fringe.ee<\/a><\/strong><\/p>\n\t\t\t\t\t\t\t\t<\/div>\n\t\t\t\t<\/div>\n\t\t\t\t<div class=\"elementor-element elementor-element-92f69e5 elementor-widget elementor-widget-spacer\" data-id=\"92f69e5\" data-element_type=\"widget\" data-e-type=\"widget\" data-widget_type=\"spacer.default\">\n\t\t\t\t<div class=\"elementor-widget-container\">\n\t\t\t\t\t\t\t<div class=\"elementor-spacer\">\n\t\t\t<div class=\"elementor-spacer-inner\"><\/div>\n\t\t<\/div>\n\t\t\t\t\t\t<\/div>\n\t\t\t\t<\/div>\n\t\t\t\t\t<\/div>\n\t\t<\/div>\n\t\t\t\t\t<\/div>\n\t\t<\/section>\n\t\t\t\t<section class=\"elementor-section elementor-top-section elementor-element elementor-element-610fc75 elementor-section-boxed elementor-section-height-default elementor-section-height-default\" data-id=\"610fc75\" data-element_type=\"section\" data-e-type=\"section\" data-settings=\"{&quot;background_background&quot;:&quot;classic&quot;}\">\n\t\t\t\t\t\t<div class=\"elementor-container elementor-column-gap-default\">\n\t\t\t\t\t<div class=\"elementor-column elementor-col-100 elementor-top-column elementor-element elementor-element-a322fe8\" data-id=\"a322fe8\" data-element_type=\"column\" data-e-type=\"column\">\n\t\t\t<div class=\"elementor-widget-wrap elementor-element-populated\">\n\t\t\t\t\t\t<div class=\"elementor-element elementor-element-8885569 elementor-widget elementor-widget-heading\" data-id=\"8885569\" data-element_type=\"widget\" data-e-type=\"widget\" data-widget_type=\"heading.default\">\n\t\t\t\t<div class=\"elementor-widget-container\">\n\t\t\t\t\t<h5 class=\"elementor-heading-title elementor-size-default\">Meie tiim<\/h5>\t\t\t\t<\/div>\n\t\t\t\t<\/div>\n\t\t\t\t\t<\/div>\n\t\t<\/div>\n\t\t\t\t\t<\/div>\n\t\t<\/section>\n\t\t\t\t<section class=\"elementor-section elementor-top-section elementor-element elementor-element-3f7cd24 elementor-section-boxed elementor-section-height-default elementor-section-height-default\" data-id=\"3f7cd24\" data-element_type=\"section\" data-e-type=\"section\">\n\t\t\t\t\t\t<div class=\"elementor-container elementor-column-gap-default\">\n\t\t\t\t\t<div class=\"elementor-column elementor-col-100 elementor-top-column elementor-element elementor-element-c9543f9\" data-id=\"c9543f9\" data-element_type=\"column\" data-e-type=\"column\">\n\t\t\t<div class=\"elementor-widget-wrap elementor-element-populated\">\n\t\t\t\t\t\t<section class=\"elementor-section elementor-inner-section elementor-element elementor-element-0657181 elementor-section-boxed elementor-section-height-default elementor-section-height-default\" data-id=\"0657181\" data-element_type=\"section\" data-e-type=\"section\">\n\t\t\t\t\t\t<div class=\"elementor-container elementor-column-gap-default\">\n\t\t\t\t\t<div class=\"elementor-column elementor-col-50 elementor-inner-column elementor-element elementor-element-5c123f3\" data-id=\"5c123f3\" data-element_type=\"column\" data-e-type=\"column\">\n\t\t\t<div class=\"elementor-widget-wrap elementor-element-populated\">\n\t\t\t\t\t\t<div class=\"elementor-element elementor-element-8484dfa elementor-widget elementor-widget-image\" data-id=\"8484dfa\" data-element_type=\"widget\" data-e-type=\"widget\" data-widget_type=\"image.default\">\n\t\t\t\t<div class=\"elementor-widget-container\">\n\t\t\t\t\t\t\t\t\t\t\t\t\t\t\t<img fetchpriority=\"high\" decoding=\"async\" width=\"300\" height=\"300\" src=\"https:\/\/fringe.ee\/wp-content\/uploads\/2024\/05\/TFF24-TEAM-Dan-300x300.jpg\" class=\"attachment-medium size-medium wp-image-5527\" alt=\"\" srcset=\"https:\/\/fringe.ee\/wp-content\/uploads\/2024\/05\/TFF24-TEAM-Dan-300x300.jpg 300w, https:\/\/fringe.ee\/wp-content\/uploads\/2024\/05\/TFF24-TEAM-Dan-150x150.jpg 150w, https:\/\/fringe.ee\/wp-content\/uploads\/2024\/05\/TFF24-TEAM-Dan.jpg 500w\" sizes=\"(max-width: 300px) 100vw, 300px\" \/>\t\t\t\t\t\t\t\t\t\t\t\t\t\t\t<\/div>\n\t\t\t\t<\/div>\n\t\t\t\t<div class=\"elementor-element elementor-element-21e0d48 elementor-widget elementor-widget-heading\" data-id=\"21e0d48\" data-element_type=\"widget\" data-e-type=\"widget\" data-widget_type=\"heading.default\">\n\t\t\t\t<div class=\"elementor-widget-container\">\n\t\t\t\t\t<h4 class=\"elementor-heading-title elementor-size-default\">Dan Renwick<\/h4>\t\t\t\t<\/div>\n\t\t\t\t<\/div>\n\t\t\t\t<div class=\"elementor-element elementor-element-ced9252 elementor-widget elementor-widget-text-editor\" data-id=\"ced9252\" data-element_type=\"widget\" data-e-type=\"widget\" data-widget_type=\"text-editor.default\">\n\t\t\t\t<div class=\"elementor-widget-container\">\n\t\t\t\t\t\t\t\t\t<p>Peakorraldaja<br \/>dan \/at\/ fringe.ee<\/p>\n\t\t\t\t\t\t\t\t<\/div>\n\t\t\t\t<\/div>\n\t\t\t\t\t<\/div>\n\t\t<\/div>\n\t\t\t\t<div class=\"elementor-column elementor-col-50 elementor-inner-column elementor-element elementor-element-eefde37\" data-id=\"eefde37\" data-element_type=\"column\" data-e-type=\"column\">\n\t\t\t<div class=\"elementor-widget-wrap elementor-element-populated\">\n\t\t\t\t\t\t<div class=\"elementor-element elementor-element-fdbfd6c elementor-widget elementor-widget-image\" data-id=\"fdbfd6c\" data-element_type=\"widget\" data-e-type=\"widget\" data-widget_type=\"image.default\">\n\t\t\t\t<div class=\"elementor-widget-container\">\n\t\t\t\t\t\t\t\t\t\t\t\t\t\t\t<img decoding=\"async\" width=\"300\" height=\"300\" data-src=\"https:\/\/fringe.ee\/wp-content\/uploads\/2024\/05\/TFF24-TEAM-Kaisa-300x300.jpg\" class=\"attachment-medium size-medium wp-image-5530 lazyload\" alt=\"\" data-srcset=\"https:\/\/fringe.ee\/wp-content\/uploads\/2024\/05\/TFF24-TEAM-Kaisa-300x300.jpg 300w, https:\/\/fringe.ee\/wp-content\/uploads\/2024\/05\/TFF24-TEAM-Kaisa-150x150.jpg 150w, https:\/\/fringe.ee\/wp-content\/uploads\/2024\/05\/TFF24-TEAM-Kaisa.jpg 500w\" data-sizes=\"(max-width: 300px) 100vw, 300px\" src=\"data:image\/svg+xml;base64,PHN2ZyB3aWR0aD0iMSIgaGVpZ2h0PSIxIiB4bWxucz0iaHR0cDovL3d3dy53My5vcmcvMjAwMC9zdmciPjwvc3ZnPg==\" style=\"--smush-placeholder-width: 300px; --smush-placeholder-aspect-ratio: 300\/300;\" \/>\t\t\t\t\t\t\t\t\t\t\t\t\t\t\t<\/div>\n\t\t\t\t<\/div>\n\t\t\t\t<div class=\"elementor-element elementor-element-4105aaa elementor-widget elementor-widget-heading\" data-id=\"4105aaa\" data-element_type=\"widget\" data-e-type=\"widget\" data-widget_type=\"heading.default\">\n\t\t\t\t<div class=\"elementor-widget-container\">\n\t\t\t\t\t<h4 class=\"elementor-heading-title elementor-size-default\">Kaisa Ling<\/h4>\t\t\t\t<\/div>\n\t\t\t\t<\/div>\n\t\t\t\t<div class=\"elementor-element elementor-element-825caa7 elementor-widget elementor-widget-text-editor\" data-id=\"825caa7\" data-element_type=\"widget\" data-e-type=\"widget\" data-widget_type=\"text-editor.default\">\n\t\t\t\t<div class=\"elementor-widget-container\">\n\t\t\t\t\t\t\t\t\t<p>Esinejate eestkostja<br \/>kaisa \/at\/ fringe.ee<\/p>\n\t\t\t\t\t\t\t\t<\/div>\n\t\t\t\t<\/div>\n\t\t\t\t\t<\/div>\n\t\t<\/div>\n\t\t\t\t\t<\/div>\n\t\t<\/section>\n\t\t\t\t<section class=\"elementor-section elementor-inner-section elementor-element elementor-element-918422b elementor-section-boxed elementor-section-height-default elementor-section-height-default\" data-id=\"918422b\" data-element_type=\"section\" data-e-type=\"section\">\n\t\t\t\t\t\t<div class=\"elementor-container elementor-column-gap-default\">\n\t\t\t\t\t<div class=\"elementor-column elementor-col-50 elementor-inner-column elementor-element elementor-element-ea95dac\" data-id=\"ea95dac\" data-element_type=\"column\" data-e-type=\"column\">\n\t\t\t<div class=\"elementor-widget-wrap elementor-element-populated\">\n\t\t\t\t\t\t<div class=\"elementor-element elementor-element-a659b88 elementor-widget elementor-widget-image\" data-id=\"a659b88\" data-element_type=\"widget\" data-e-type=\"widget\" data-widget_type=\"image.default\">\n\t\t\t\t<div class=\"elementor-widget-container\">\n\t\t\t\t\t\t\t\t\t\t\t\t\t\t\t<img decoding=\"async\" width=\"300\" height=\"300\" data-src=\"https:\/\/fringe.ee\/wp-content\/uploads\/2024\/05\/TFF24-TEAM-Anton-300x300.jpg\" class=\"attachment-medium size-medium wp-image-5524 lazyload\" alt=\"\" data-srcset=\"https:\/\/fringe.ee\/wp-content\/uploads\/2024\/05\/TFF24-TEAM-Anton-300x300.jpg 300w, https:\/\/fringe.ee\/wp-content\/uploads\/2024\/05\/TFF24-TEAM-Anton-150x150.jpg 150w, https:\/\/fringe.ee\/wp-content\/uploads\/2024\/05\/TFF24-TEAM-Anton.jpg 500w\" data-sizes=\"(max-width: 300px) 100vw, 300px\" src=\"data:image\/svg+xml;base64,PHN2ZyB3aWR0aD0iMSIgaGVpZ2h0PSIxIiB4bWxucz0iaHR0cDovL3d3dy53My5vcmcvMjAwMC9zdmciPjwvc3ZnPg==\" style=\"--smush-placeholder-width: 300px; --smush-placeholder-aspect-ratio: 300\/300;\" \/>\t\t\t\t\t\t\t\t\t\t\t\t\t\t\t<\/div>\n\t\t\t\t<\/div>\n\t\t\t\t<div class=\"elementor-element elementor-element-6030d45 elementor-widget elementor-widget-heading\" data-id=\"6030d45\" data-element_type=\"widget\" data-e-type=\"widget\" data-widget_type=\"heading.default\">\n\t\t\t\t<div class=\"elementor-widget-container\">\n\t\t\t\t\t<h4 class=\"elementor-heading-title elementor-size-default\">Anton Serdjukov<\/h4>\t\t\t\t<\/div>\n\t\t\t\t<\/div>\n\t\t\t\t<div class=\"elementor-element elementor-element-989d56b elementor-widget elementor-widget-text-editor\" data-id=\"989d56b\" data-element_type=\"widget\" data-e-type=\"widget\" data-widget_type=\"text-editor.default\">\n\t\t\t\t<div class=\"elementor-widget-container\">\n\t\t\t\t\t\t\t\t\t<p>Sotsiaalmeedia, disainer, sisuloome<br \/>anton \/at\/ fringe.ee<\/p>\n\t\t\t\t\t\t\t\t<\/div>\n\t\t\t\t<\/div>\n\t\t\t\t\t<\/div>\n\t\t<\/div>\n\t\t\t\t<div class=\"elementor-column elementor-col-50 elementor-inner-column elementor-element elementor-element-aa1fe2a\" data-id=\"aa1fe2a\" data-element_type=\"column\" data-e-type=\"column\">\n\t\t\t<div class=\"elementor-widget-wrap elementor-element-populated\">\n\t\t\t\t\t\t<div class=\"elementor-element elementor-element-91de9d0 elementor-widget elementor-widget-heading\" data-id=\"91de9d0\" data-element_type=\"widget\" data-e-type=\"widget\" data-widget_type=\"heading.default\">\n\t\t\t\t<div class=\"elementor-widget-container\">\n\t\t\t\t\t<h4 class=\"elementor-heading-title elementor-size-default\">Liine J\u00e4nes<\/h4>\t\t\t\t<\/div>\n\t\t\t\t<\/div>\n\t\t\t\t<div class=\"elementor-element elementor-element-23e2e81 elementor-widget elementor-widget-text-editor\" data-id=\"23e2e81\" data-element_type=\"widget\" data-e-type=\"widget\" data-widget_type=\"text-editor.default\">\n\t\t\t\t<div class=\"elementor-widget-container\">\n\t\t\t\t\t\t\t\t\t<p>Digiturundus<\/p>\n\t\t\t\t\t\t\t\t<\/div>\n\t\t\t\t<\/div>\n\t\t\t\t<div class=\"elementor-element elementor-element-77f7af3 elementor-widget elementor-widget-heading\" data-id=\"77f7af3\" data-element_type=\"widget\" data-e-type=\"widget\" data-widget_type=\"heading.default\">\n\t\t\t\t<div class=\"elementor-widget-container\">\n\t\t\t\t\t<h4 class=\"elementor-heading-title elementor-size-default\">Andrei Liimets<\/h4>\t\t\t\t<\/div>\n\t\t\t\t<\/div>\n\t\t\t\t<div class=\"elementor-element elementor-element-e620376 elementor-widget elementor-widget-text-editor\" data-id=\"e620376\" data-element_type=\"widget\" data-e-type=\"widget\" data-widget_type=\"text-editor.default\">\n\t\t\t\t<div class=\"elementor-widget-container\">\n\t\t\t\t\t\t\t\t\t<p>Eesti meedia<\/p>\n\t\t\t\t\t\t\t\t<\/div>\n\t\t\t\t<\/div>\n\t\t\t\t<div class=\"elementor-element elementor-element-673cfe7 elementor-widget elementor-widget-heading\" data-id=\"673cfe7\" data-element_type=\"widget\" data-e-type=\"widget\" data-widget_type=\"heading.default\">\n\t\t\t\t<div class=\"elementor-widget-container\">\n\t\t\t\t\t<h4 class=\"elementor-heading-title elementor-size-default\">Liisa Nurmela<\/h4>\t\t\t\t<\/div>\n\t\t\t\t<\/div>\n\t\t\t\t<div class=\"elementor-element elementor-element-3e0545a elementor-widget elementor-widget-text-editor\" data-id=\"3e0545a\" data-element_type=\"widget\" data-e-type=\"widget\" data-widget_type=\"text-editor.default\">\n\t\t\t\t<div class=\"elementor-widget-container\">\n\t\t\t\t\t\t\t\t\t<p>Meedia, turundus ja kommunikatsion<\/p>\n\t\t\t\t\t\t\t\t<\/div>\n\t\t\t\t<\/div>\n\t\t\t\t<div class=\"elementor-element elementor-element-188dd28 elementor-widget elementor-widget-heading\" data-id=\"188dd28\" data-element_type=\"widget\" data-e-type=\"widget\" data-widget_type=\"heading.default\">\n\t\t\t\t<div class=\"elementor-widget-container\">\n\t\t\t\t\t<h4 class=\"elementor-heading-title elementor-size-default\">Lilian Urba<\/h4>\t\t\t\t<\/div>\n\t\t\t\t<\/div>\n\t\t\t\t<div class=\"elementor-element elementor-element-aeecd48 elementor-widget elementor-widget-text-editor\" data-id=\"aeecd48\" data-element_type=\"widget\" data-e-type=\"widget\" data-widget_type=\"text-editor.default\">\n\t\t\t\t<div class=\"elementor-widget-container\">\n\t\t\t\t\t\t\t\t\t<p>Meedia, turundus ja kommunikatsion<\/p>\n\t\t\t\t\t\t\t\t<\/div>\n\t\t\t\t<\/div>\n\t\t\t\t\t<\/div>\n\t\t<\/div>\n\t\t\t\t\t<\/div>\n\t\t<\/section>\n\t\t\t\t<section class=\"elementor-section elementor-inner-section elementor-element elementor-element-edb68b4 elementor-section-boxed elementor-section-height-default elementor-section-height-default\" data-id=\"edb68b4\" data-element_type=\"section\" data-e-type=\"section\">\n\t\t\t\t\t\t<div class=\"elementor-container elementor-column-gap-default\">\n\t\t\t\t\t<div class=\"elementor-column elementor-col-50 elementor-inner-column elementor-element elementor-element-86094be\" data-id=\"86094be\" data-element_type=\"column\" data-e-type=\"column\">\n\t\t\t<div class=\"elementor-widget-wrap\">\n\t\t\t\t\t\t\t<\/div>\n\t\t<\/div>\n\t\t\t\t<div class=\"elementor-column elementor-col-50 elementor-inner-column elementor-element elementor-element-b8af94e\" data-id=\"b8af94e\" data-element_type=\"column\" data-e-type=\"column\">\n\t\t\t<div class=\"elementor-widget-wrap\">\n\t\t\t\t\t\t\t<\/div>\n\t\t<\/div>\n\t\t\t\t\t<\/div>\n\t\t<\/section>\n\t\t\t\t\t<\/div>\n\t\t<\/div>\n\t\t\t\t\t<\/div>\n\t\t<\/section>\n\t\t\t\t<\/div>\n\t\t","protected":false},"excerpt":{"rendered":"<p>Meist 18.8-18.9.2026 Tallinn Fringe festival sai alguse 2016. aasta detsembris, kui grupp tsirkuse-, teatri-, tantsu-, muusika- ja tuleartiste esitlesid Telliskivi Loomelinnakus Tallinnas viie sisutiheda p\u00e4eva jooksul nii oma \u0161\u00f5usid kui ka koosloodud unikaalseid \u00fchisetendusi. Festivali nimeks sai Boom Chika Wau Wau. Festival toimus samal ajal kui ja alternatiivina teatrifestivalile Talve\u00f6\u00f6 Unen\u00e4gu. Kiirkerides aastasse 2026, k\u00fcmnes [&hellip;]<\/p>\n","protected":false},"author":3,"featured_media":8309,"parent":0,"menu_order":0,"comment_status":"closed","ping_status":"closed","template":"","meta":{"inline_featured_image":false,"footnotes":"","_links_to":"","_links_to_target":""},"class_list":["post-4372","page","type-page","status-publish","has-post-thumbnail","hentry"],"_links":{"self":[{"href":"https:\/\/fringe.ee\/et\/wp-json\/wp\/v2\/pages\/4372","targetHints":{"allow":["GET"]}}],"collection":[{"href":"https:\/\/fringe.ee\/et\/wp-json\/wp\/v2\/pages"}],"about":[{"href":"https:\/\/fringe.ee\/et\/wp-json\/wp\/v2\/types\/page"}],"author":[{"embeddable":true,"href":"https:\/\/fringe.ee\/et\/wp-json\/wp\/v2\/users\/3"}],"replies":[{"embeddable":true,"href":"https:\/\/fringe.ee\/et\/wp-json\/wp\/v2\/comments?post=4372"}],"version-history":[{"count":5,"href":"https:\/\/fringe.ee\/et\/wp-json\/wp\/v2\/pages\/4372\/revisions"}],"predecessor-version":[{"id":8458,"href":"https:\/\/fringe.ee\/et\/wp-json\/wp\/v2\/pages\/4372\/revisions\/8458"}],"wp:featuredmedia":[{"embeddable":true,"href":"https:\/\/fringe.ee\/et\/wp-json\/wp\/v2\/media\/8309"}],"wp:attachment":[{"href":"https:\/\/fringe.ee\/et\/wp-json\/wp\/v2\/media?parent=4372"}],"curies":[{"name":"wp","href":"https:\/\/api.w.org\/{rel}","templated":true}]}}